{"id":2,"date":"2013-09-26T14:00:41","date_gmt":"2013-09-26T13:00:41","guid":{"rendered":"http:\/\/www.archeoaep.fr\/?page_id=2"},"modified":"2014-09-11T17:22:16","modified_gmt":"2014-09-11T16:22:16","slug":"page-d-exemple","status":"publish","type":"page","link":"https:\/\/archeoaep.fr\/?page_id=2","title":{"rendered":"CGV"},"content":{"rendered":"<p>Les Conditions de Vente suivantes r\u00e9gissent la vente de produits entre l&rsquo;association de loi 1901 <strong><em>Archives d&rsquo;\u00c9cologie Pr\u00e9historique<\/em><\/strong> et vous. AEP est l&rsquo;abr\u00e9viation usuelle d&rsquo;Archives d&rsquo;\u00c9cologie Pr\u00e9historique.<\/p>\n<p><b>Merci de lire ces conditions attentivement avant d&rsquo;effectuer une commande aux AEP. En commandant sur le site internet des AEP, vous nous notifiez votre accord d&rsquo;\u00eatre soumis aux pr\u00e9sentes conditions.<\/b><\/p>\n<p>1. NOTRE CONTRAT<\/p>\n<p>Apr\u00e8s avoir pass\u00e9 votre commande, nous vous adressons un e-mail vous confirmant celle-ci. Nous vous informons de l&rsquo;envoi de vos articles, une fois que nous avons re\u00e7u le r\u00e8glement de votre facture par ch\u00e8que, esp\u00e8ce ou virement . Vous avez n\u00e9anmoins la possibilit\u00e9 de modifier votre commande jusqu&rsquo;\u00e0 la date d&rsquo;envoi de vos articles.<\/p>\n<p>2. DROIT DE R\u00c9TENTION<\/p>\n<p>Les produits livr\u00e9s restent la propri\u00e9t\u00e9 des AEP jusqu&rsquo;\u00e0 leur remise au transporteur.<\/p>\n<p>3. RETOURS<\/p>\n<p>Si nous acceptons de remplacer un produit endommag\u00e9 ou un produit ne correspondant pas \u00e0 votre commande, vous devrez au pr\u00e9alable nous retourner le produit d&rsquo;origine.<\/p>\n<p>4. PRIX, DISPONIBILIT\u00c9 ET REMISES<\/p>\n<p>Tous les prix s&rsquo;entendent taxes comprises et frais de port inclus.<\/p>\n<p>Nous affichons la disponibilit\u00e9 des produits que nous vendons sur le site internet sur chaque fiche produit. Nous ne pouvons apporter plus de pr\u00e9cision concernant la disponibilit\u00e9 des produits que ce qui est indiqu\u00e9 sur ladite page ou ailleurs sur le site internet. Lors du traitement de votre commande, nous vous informerons par courrier \u00e9lectronique d\u00e8s que possible si des produits que vous avez command\u00e9s s&rsquo;av\u00e8rent \u00eatre indisponibles, et nous ne vous facturerons pas ces produits.<\/p>\n<p>En d\u00e9pit de tous nos efforts, un petit nombre des produits pr\u00e9sents dans notre catalogue peuvent afficher une erreur sur le prix. Nous v\u00e9rifierons le prix au moment du traitement de votre commande et avant tout paiement. S&rsquo;il s&rsquo;av\u00e9rait que nous avons fait une erreur sur l&rsquo;affichage du prix, et que le prix r\u00e9el est sup\u00e9rieur au prix affich\u00e9 sur le site internet, nous pouvons vous contacter pour vous demander si vous souhaitez acheter le produit \u00e0 son prix r\u00e9el ou si vous pr\u00e9f\u00e9rez annuler votre commande. Si le prix r\u00e9el est inf\u00e9rieur au prix affich\u00e9, nous vous facturerons le montant le plus bas et nous vous enverrons le produit.<\/p>\n<p><strong>Certains produits peuvent faire l&rsquo;objet d&rsquo;une offre promotionnelle sur leur prix de vente. Cette offre n&rsquo;est valable que pour les achats effectu\u00e9s \u00e0 partir de notre site Internet.<\/strong><\/p>\n<p>5. DOUANES<\/p>\n<p>Lorsque vous commandez des produits sur le site internet des AEP pour \u00eatre livr\u00e9s en dehors de l&rsquo;Union Europ\u00e9enne, vous pouvez \u00eatre soumis \u00e0 des obligations et des taxes sur l&rsquo;importation, qui sont per\u00e7ues lorsque le colis arrive \u00e0 destination. Tout frais suppl\u00e9mentaire de d\u00e9douanement sera \u00e0 votre charge ; nous n&rsquo;avons aucun contr\u00f4le sur ces frais. Les politiques douani\u00e8res varient fortement d&rsquo;un pays \u00e0 l&rsquo;autre, vous devez donc contacter le service local des douanes pour plus d&rsquo;informations. Par ailleurs, veuillez noter que lorsque vous passez commande sur le site internet des AEP, vous \u00eates consid\u00e9r\u00e9 comme l&rsquo;importateur officiel et devez respecter toutes les lois et r\u00e8glements du pays dans lequel vous recevez les produits. La protection de votre vie priv\u00e9e est importante pour nous et nous attirons l&rsquo;attention de nos clients internationaux sur le fait que les livraisons transfrontali\u00e8res sont susceptibles d&rsquo;\u00eatre ouvertes et inspect\u00e9es par les autorit\u00e9s douani\u00e8res.<\/p>\n<p>6. NOTRE RESPONSABILIT\u00c9<\/p>\n<p>Nous nous engageons \u00e0 apporter tous les soins en usage dans la profession pour la mise en \u0153uvre du service offert au client. N\u00e9anmoins, notre responsabilit\u00e9 ne pourra pas \u00eatre retenue en cas de retard ou de manquement \u00e0 nos obligations contractuelles si le retard ou manquement est d\u00fb \u00e0 une cause en dehors de notre contr\u00f4le : cas fortuit ou cas de force majeure tel que d\u00e9fini par la loi applicable.<\/p>\n<p>7. MODIFICATION DU SERVICE OU DES CONDITIONS D&rsquo;UTILISATION<\/p>\n<p>Nous nous r\u00e9servons le droit de faire des changements \u00e0 notre site internet, nos proc\u00e9dures, et \u00e0 nos termes et conditions, y compris les pr\u00e9sentes Conditions de Vente \u00e0 tout moment. Vous \u00eates soumis aux termes et conditions, proc\u00e9dures et Conditions de Vente en vigueur au moment o\u00f9 vous nous commandez un produit, sauf si un changement \u00e0 ces termes et conditions, ou les pr\u00e9sentes Conditions de Vente est exig\u00e9 par une autorit\u00e9 administrative ou gouvernementale (dans ce cas, cette modification peut s&rsquo;appliquer aux commandes ant\u00e9rieures que vous avez effectu\u00e9es). Si l&rsquo;une stipulation de ces Conditions de Vente est r\u00e9put\u00e9e non valide, nulle ou inapplicable, quelle qu&rsquo;en soit la raison, cette stipulation sera r\u00e9put\u00e9e divisible et n&rsquo;affectera pas la validit\u00e9 et l&rsquo;effectivit\u00e9 des stipulations restantes.<\/p>\n<p>8. RENONCIATION<\/p>\n<p>Si vous enfreignez ces Conditions d&rsquo;utilisation et que nous ne prenons aucune action, nous serions toujours en droit d&rsquo;utiliser nos droits et voies de recours dans toutes les autres situations o\u00f9 vous violeriez ces Conditions d&rsquo;utilisation.<\/p>\n<p>9. POLITIQUE DE VENTE<\/p>\n<p>L&rsquo;association Archives d&rsquo;\u00c9cologie Pr\u00e9historique est une association de loi 1901 dont l&rsquo;objet est de publier des ouvrages scientifiques. En cons\u00e9quence, l&rsquo;int\u00e9gralit\u00e9 des produits de la vente des nos ouvrages est r\u00e9investie dans la publication d&rsquo;autres livres. En aucun cas, l&rsquo;association ne r\u00e9alise des b\u00e9n\u00e9fices.<\/p>\n<p>10. IDENTIFICATION<\/p>\n<p>Nos informations de contact sont les suivantes :<\/p>\n<p>Archives d\u2019\u00c9cologie Pr\u00e9historique EHESS &#8211; UMR 5608 TRACES Universit\u00e9 de Toulouse 2 Le Mirail Maison de la Recherche 5, all\u00e9e Antonio-Machado F-31058 Toulouse cedex 9<\/p>\n<p>aep@archeoaep.fr http:\/\/www.archeoaep.fr<\/p>\n<p>Siret : 428 249 973 00028 Association de loi 1901<\/p>\n","protected":false},"excerpt":{"rendered":"<p>Les Conditions de Vente suivantes r\u00e9gissent la vente de produits entre l&rsquo;association de loi 1901 Archives d&rsquo;\u00c9cologie Pr\u00e9historique et vous. AEP est l&rsquo;abr\u00e9viation usuelle d&rsquo;Archives d&rsquo;\u00c9cologie Pr\u00e9historique. Merci de lire [&hellip;]<\/p>\n","protected":false},"author":1,"featured_media":0,"parent":0,"menu_order":0,"comment_status":"closed","ping_status":"closed","template":"","meta":{"footnotes":""},"class_list":["post-2","page","type-page","status-publish","hentry","has_no_thumb"],"_links":{"self":[{"href":"https:\/\/archeoaep.fr\/index.php?rest_route=\/wp\/v2\/pages\/2","targetHints":{"allow":["GET"]}}],"collection":[{"href":"https:\/\/archeoaep.fr\/index.php?rest_route=\/wp\/v2\/pages"}],"about":[{"href":"https:\/\/archeoaep.fr\/index.php?rest_route=\/wp\/v2\/types\/page"}],"author":[{"embeddable":true,"href":"https:\/\/archeoaep.fr\/index.php?rest_route=\/wp\/v2\/users\/1"}],"replies":[{"embeddable":true,"href":"https:\/\/archeoaep.fr\/index.php?rest_route=%2Fwp%2Fv2%2Fcomments&post=2"}],"version-history":[{"count":11,"href":"https:\/\/archeoaep.fr\/index.php?rest_route=\/wp\/v2\/pages\/2\/revisions"}],"predecessor-version":[{"id":390,"href":"https:\/\/archeoaep.fr\/index.php?rest_route=\/wp\/v2\/pages\/2\/revisions\/390"}],"wp:attachment":[{"href":"https:\/\/archeoaep.fr\/index.php?rest_route=%2Fwp%2Fv2%2Fmedia&parent=2"}],"curies":[{"name":"wp","href":"https:\/\/api.w.org\/{rel}","templated":true}]}}