{"id":268,"date":"2013-10-18T05:22:05","date_gmt":"2013-10-18T04:22:05","guid":{"rendered":"http:\/\/www.archeoaep.fr\/?page_id=268"},"modified":"2013-12-30T15:31:51","modified_gmt":"2013-12-30T14:31:51","slug":"les-aep","status":"publish","type":"page","link":"https:\/\/archeoaep.fr\/?page_id=268","title":{"rendered":"Les AEP"},"content":{"rendered":"<p>L\u2019association de loi 1901 <strong>Archives d\u2019\u00c9cologie Pr\u00e9historique<\/strong> (AEP) a \u00e9t\u00e9 fond\u00e9e en \u00e0 Toulouse en octobre 1977. Ne comportant qu\u2019un nombre de membres limit\u00e9s, chercheurs professionnels du CNRS, de l\u2019Enseignement Sup\u00e9rieur ou d\u2019autres institutions scientifiques, elle a pour objet de publier des travaux scientifiques concernant les communaut\u00e9s pr\u00e9historiques et protohistoriques dans leur environnement. Ces publications sont plac\u00e9es sous le patronage de l\u2019\u00c9cole des Hautes \u00c9tudes en Sciences Sociales, et sont organis\u00e9es en cinq s\u00e9ries ou collections:<\/p>\n<ul>\n<li><em><strong>Archives d&rsquo;\u00c9cologie Pr\u00e9historique :<\/strong><\/em> s\u00e9rie o\u00f9 sont publi\u00e9s des travaux de recherches d\u2019\u00e9tudiants en second cycle universitaire (17 num\u00e9ros parus).<\/li>\n<li><em><strong>Recherches en arch\u00e9ologie pr\u00e9ventive :<\/strong><\/em> s\u00e9rie proposant des monographies de sites publi\u00e9s en co\u00e9dition avec l\u2019INRAP (3 num\u00e9ros parus).<\/li>\n<li><em><strong>Monographies, synth\u00e8ses et colloques :<\/strong><\/em> collection o\u00f9 sont publi\u00e9s des ouvrages monographiques, des approches synth\u00e9tiques sur certains aspects de la Pr\u00e9histoire, ou des actes de colloques (26 num\u00e9ros parus).<\/li>\n<li><em><strong>Catalogues d&rsquo;exposition et guides :<\/strong> <\/em>collection d\u2019ouvrages plus d\u00e9di\u00e9s au grand public, g\u00e9n\u00e9ralement r\u00e9alis\u00e9s \u00e0 l\u2019occasion d\u2019expositions (2 num\u00e9ros parus).<\/li>\n<li><em><strong>S\u00e9minaires :<\/strong> <\/em>collection o\u00f9 sont publi\u00e9s des s\u00e9minaires de recherches pr\u00e9sent\u00e9s dans le cadre de l\u2019enseignement de la Pr\u00e9histoire et de la Protohistoire \u00e0 Toulouse (3 num\u00e9ros parus).<\/li>\n<\/ul>\n<p>&nbsp;<\/p>\n","protected":false},"excerpt":{"rendered":"<p>L\u2019association de loi 1901 Archives d\u2019\u00c9cologie Pr\u00e9historique (AEP) a \u00e9t\u00e9 fond\u00e9e en \u00e0 Toulouse en octobre 1977. Ne comportant qu\u2019un nombre de membres limit\u00e9s, chercheurs professionnels du CNRS, de l\u2019Enseignement [&hellip;]<\/p>\n","protected":false},"author":1,"featured_media":0,"parent":0,"menu_order":0,"comment_status":"closed","ping_status":"closed","template":"","meta":{"footnotes":""},"class_list":["post-268","page","type-page","status-publish","hentry","has_no_thumb"],"_links":{"self":[{"href":"https:\/\/archeoaep.fr\/index.php?rest_route=\/wp\/v2\/pages\/268","targetHints":{"allow":["GET"]}}],"collection":[{"href":"https:\/\/archeoaep.fr\/index.php?rest_route=\/wp\/v2\/pages"}],"about":[{"href":"https:\/\/archeoaep.fr\/index.php?rest_route=\/wp\/v2\/types\/page"}],"author":[{"embeddable":true,"href":"https:\/\/archeoaep.fr\/index.php?rest_route=\/wp\/v2\/users\/1"}],"replies":[{"embeddable":true,"href":"https:\/\/archeoaep.fr\/index.php?rest_route=%2Fwp%2Fv2%2Fcomments&post=268"}],"version-history":[{"count":5,"href":"https:\/\/archeoaep.fr\/index.php?rest_route=\/wp\/v2\/pages\/268\/revisions"}],"predecessor-version":[{"id":290,"href":"https:\/\/archeoaep.fr\/index.php?rest_route=\/wp\/v2\/pages\/268\/revisions\/290"}],"wp:attachment":[{"href":"https:\/\/archeoaep.fr\/index.php?rest_route=%2Fwp%2Fv2%2Fmedia&parent=268"}],"curies":[{"name":"wp","href":"https:\/\/api.w.org\/{rel}","templated":true}]}}