{"id":1288,"date":"2024-10-24T13:53:51","date_gmt":"2024-10-24T12:53:51","guid":{"rendered":"https:\/\/www.archeoaep.fr\/?post_type=product&#038;p=1288"},"modified":"2026-03-12T14:58:53","modified_gmt":"2026-03-12T13:58:53","slug":"lart-parietal-magdalenien-de-la-grotte-gazel-salleles-cabardes-aude","status":"publish","type":"product","link":"https:\/\/archeoaep.fr\/?product=lart-parietal-magdalenien-de-la-grotte-gazel-salleles-cabardes-aude","title":{"rendered":"L&rsquo;art pari\u00e9tal magdal\u00e9nien de la grotte Gazel (Sall\u00e8les-Cabard\u00e8s, Aude)"},"content":{"rendered":"<p><em><strong>Sous la direction de Dominique Sacchi<br \/>\n<\/strong><\/em><\/p>\n<div class=\"\">\n<p>(\u00e9dit\u00e9 par le Groupe Audois d&rsquo;\u00c9tudes Pr\u00e9historiques)<\/p>\n<p>Le d\u00e9cor de la grotte Gazel se d\u00e9veloppe sur les parois d\u2019une petite galerie profonde, topographiquement d\u00e9limit\u00e9e entre une entr\u00e9e, en forme de chati\u00e8re, et un \u00e0 pic terminal. En partie d\u00e9truit par l&rsquo;alt\u00e9ration des supports, ou masqu\u00e9 par des coul\u00e9es de calcite, il laisse encore place \u00e0 une vingtaine de figurations animales, principalement des chevaux, devan\u00e7ant largement des repr\u00e9sentations de bouquetins et d\u2019un cervid\u00e9, sans compter les ind\u00e9termin\u00e9s. Des traits simples ou bifurqu\u00e9s, g\u00e9n\u00e9ralement fich\u00e9s dans les corps de caprin\u00e9s, dominent num\u00e9riquement le groupe des motifs g\u00e9om\u00e9triques alors que les clatriformes en sont la forme la plus \u00e9labor\u00e9e. On trouve les exacts homologues de ces \u00ab signes \u00bb complexes, sur des plaquettes grav\u00e9es mises au jour dans l&rsquo;aire d&rsquo;occupation voisine, attribuable au Magdal\u00e9nien moyen et pr\u00e9cis\u00e9ment dat\u00e9e. Ceci confirme l&rsquo;identit\u00e9 chrono-culturelle des images pari\u00e9tales aupr\u00e8s desquelles gisaient, par endroits, quelques artefacts en silex et fragments d&rsquo;ossements de rennes. La galerie orn\u00e9e de la grotte Gazel, presqu\u2019enti\u00e8rement d\u00e9volue \u00e0 l\u2019art de la gravure, appartient tout \u00e0 la fois au groupe, majoritaire, des sites de petites dimensions et \u00e0 celui, moins nombreux, des \u00ab sanctuaires \u00bb contigus \u00e0 de vastes lieux de rassemblements p\u00e9riodiques.<\/p>\n<p><em>The decoration of Gazel Cave is found on the walls of a small, deep gallery, topographically located between a crawlway entrance and a steep end. Although partly destroyed by degeneration of the walls or masked by calcite flows, it still comprises about twenty animal figures, mostly horses which greatly outnumber depictions of ibexes and a cervid, quite a part from indeterminates. Simple or bifurcated lines, generally located inside the bodies of caprines, numerically dominate the group of geometric motifs, whereas clatriforms. are the most elaborate motifs. One finds exact counterparts of these complex \u00ab signs \u00bb on engraved plaquettes unearthed in the nearby occupation area, attributable to the Middle Magdalenian and precisely dated. This confirms the chrono-cultural identity of the parietal images, close to which were found, here and there, a few flint artefacts and fragments of reindeer bone.<\/em><br \/>\n<em>The decorated gallery of Gazel Cave, almost entirely devoted to the art of engraving, belongs both to the (majority) group of small sites and to the (less numerous) group of \u00ab sanctuaries \u00bb adjacent to vast places of periodic gatherings.<\/em><\/p>\n<\/div>\n","protected":false},"excerpt":{"rendered":"<p>Sous la direction de Dominique Sacchi (\u00e9dit\u00e9 par le Groupe Audois d&rsquo;\u00c9tudes Pr\u00e9historiques) Le d\u00e9cor de la grotte Gazel se d\u00e9veloppe sur les parois d\u2019une petite galerie profonde, topographiquement d\u00e9limit\u00e9e [&hellip;]<\/p>\n","protected":false},"featured_media":1289,"comment_status":"closed","ping_status":"closed","template":"","meta":[],"product_brand":[],"product_cat":[166],"product_tag":[101,81,284,99,283,282],"class_list":{"0":"post-1288","1":"product","2":"type-product","3":"status-publish","4":"has-post-thumbnail","6":"product_cat-monographies-syntheses-et-colloques","7":"product_tag-art","8":"product_tag-aude","9":"product_tag-gravure","10":"product_tag-languedoc","11":"product_tag-magdalenien","12":"product_tag-paleolithique","13":"pa_isbn-978-2-9518735-1-3","14":"pa_nombre-de-pages-279","15":"pa_poids-1-5","16":"has_thumb","18":"first","19":"instock","20":"purchasable","21":"product-type-simple"},"_links":{"self":[{"href":"https:\/\/archeoaep.fr\/index.php?rest_route=\/wp\/v2\/product\/1288","targetHints":{"allow":["GET"]}}],"collection":[{"href":"https:\/\/archeoaep.fr\/index.php?rest_route=\/wp\/v2\/product"}],"about":[{"href":"https:\/\/archeoaep.fr\/index.php?rest_route=\/wp\/v2\/types\/product"}],"replies":[{"embeddable":true,"href":"https:\/\/archeoaep.fr\/index.php?rest_route=%2Fwp%2Fv2%2Fcomments&post=1288"}],"wp:featuredmedia":[{"embeddable":true,"href":"https:\/\/archeoaep.fr\/index.php?rest_route=\/wp\/v2\/media\/1289"}],"wp:attachment":[{"href":"https:\/\/archeoaep.fr\/index.php?rest_route=%2Fwp%2Fv2%2Fmedia&parent=1288"}],"wp:term":[{"taxonomy":"product_brand","embeddable":true,"href":"https:\/\/archeoaep.fr\/index.php?rest_route=%2Fwp%2Fv2%2Fproduct_brand&post=1288"},{"taxonomy":"product_cat","embeddable":true,"href":"https:\/\/archeoaep.fr\/index.php?rest_route=%2Fwp%2Fv2%2Fproduct_cat&post=1288"},{"taxonomy":"product_tag","embeddable":true,"href":"https:\/\/archeoaep.fr\/index.php?rest_route=%2Fwp%2Fv2%2Fproduct_tag&post=1288"}],"curies":[{"name":"wp","href":"https:\/\/api.w.org\/{rel}","templated":true}]}}