{"id":1448,"date":"2026-01-22T09:14:41","date_gmt":"2026-01-22T08:14:41","guid":{"rendered":"https:\/\/archeoaep.fr\/?post_type=product&#038;p=1448"},"modified":"2026-03-03T12:45:09","modified_gmt":"2026-03-03T11:45:09","slug":"exploitation-des-ressources-argileuses-et-types-de-degraissants-de-la-ceramique-du-neolithique-ancien-au-debut-de-lage-du-bronze-en-france-meridionale","status":"publish","type":"product","link":"https:\/\/archeoaep.fr\/?product=exploitation-des-ressources-argileuses-et-types-de-degraissants-de-la-ceramique-du-neolithique-ancien-au-debut-de-lage-du-bronze-en-france-meridionale","title":{"rendered":"Exploitation des ressources argileuses et types de d\u00e9graissants de la c\u00e9ramique du N\u00e9olithique ancien au d\u00e9but de l\u2019\u00e2ge du Bronze en France m\u00e9ridionale"},"content":{"rendered":"<p>Exploitation des ressources argileuses et types de d\u00e9graissants de la c\u00e9ramique du N\u00e9olithique ancien au d\u00e9but de l\u2019\u00e2ge du Bronze en France m\u00e9ridionale<\/p>\n<p><em><strong>Fabien Convertini<\/strong><\/em><\/p>\n<div class=\"\">\n<p>Cet ouvrage traite des pratiques poti\u00e8res mises en \u0153uvre au cours des premi\u00e8res phases de la cha\u00eene op\u00e9ratoire de fabrication de la c\u00e9ramique des soci\u00e9t\u00e9s du N\u00e9olithique et du d\u00e9but de l\u2019\u00e2ge du Bronze, soit sur une dur\u00e9e de pr\u00e8s de quatre mill\u00e9naires, dans une aire g\u00e9ographique qui correspond au pourtour m\u00e9diterran\u00e9en et \u00e0 la moyenne vall\u00e9e du Rh\u00f4ne et ses marges, depuis la fronti\u00e8re italienne jusqu\u2019\u00e0 la Catalogne espagnole, avec une ouverture ponctuelle vers le Sud-Ouest, les Grands Causses et les Alpes m\u00e9ridionales. Le nombre de sites pris en compte est de 152, un m\u00eame site pouvant livrer des occupations de plusieurs p\u00e9riodes chronologiques, et le nombre de vases \u00e9tudi\u00e9s est de 2303.<br \/>\nLe travail de recherche a \u00e9t\u00e9 structur\u00e9 en plusieurs niveaux d\u2019analyse donnant lieu, pour chacun d\u2019entre eux, \u00e0 diff\u00e9rentes lectures. Le premier niveau concerne les c\u00e9ramiques prises individuellement, issues de contextes vari\u00e9s. Le second niveau d\u2019analyse s\u2019applique \u00e0 l\u2019ensemble des vases d\u2019un site attribu\u00e9 \u00e0 un m\u00eame contexte chrono-culturel si plusieurs structures ou strates ont fait l\u2019objet d\u2019\u00e9chantillonnages multiples. Ensuite, deux synth\u00e8ses ont \u00e9t\u00e9 r\u00e9alis\u00e9es. La premi\u00e8re, qui concerne tous les r\u00e9cipients d\u2019une m\u00eame tranche chronologique, a pour objectif de traiter des ressources et des d\u00e9graissants employ\u00e9s \u00e0 chaque p\u00e9riode sur toute l\u2019aire g\u00e9ographique \u00e9tudi\u00e9e. La seconde synth\u00e8se, diachronique, a pour but de d\u00e9finir les s\u00e9quences du N\u00e9olithique et du d\u00e9but du Bronze ancien pour chaque r\u00e9gion en mobilisant les donn\u00e9es de chaque p\u00e9riode. Pour chaque s\u00e9quence, ont \u00e9t\u00e9 successivement trait\u00e9s les volets ressources et d\u00e9graissants. Le cas particulier, mais r\u00e9current dans les s\u00e9ries analys\u00e9es, de vases \u00e9trangers aux contextes des sites a fait l\u2019objet d\u2019un chapitre \u00e0 part.<\/p>\n<p>&nbsp;<\/p>\n<p>Exploitation of clay resources and types of temper in ceramics from the Early Neolithic to the beginning of the Bronze Age in Southern France<br \/>\n<em>This book examines pottery practices implemented during the early phases of the ceramic manufacturing chain of Neolithic and early Bronze Age societies, spanning a period of nearly four millennia, in a geographical area corresponding to the mediterranean rim and the middle Rh\u00f4ne valley and its margins, from the italian border to spanish Catalonia, with occasional expansions to the southwest, the Grands Causses, and the southern Alps. The number of sites considered is 152, with a single site potentially yielding occupations from several chronological periods, and the number of vessels studied is 2,303.<\/em><br \/>\n<em>The research work was structured into several levels of analysis, each of which gives rise to differents readings.The first level concerns individual ceramics from various contexts. The second level of analysis applies to all the vessels from a site attributed to the same chrono-cultural context if multiple samples were collected from several structures or strata. Two syntheses were then conducted. The first, which concerns all vessels from the same chronological period, aims to address the resources and tempers used in each period across the entire geographical area studied. The second, diachronic, synthesis aims to define the sequences from the Neolithic to the beginning of the early Bronze Age for each region by using data from each period. For each sequence, the resource and temper components were successively addressed. The specific case, which recurred in the analyzed series, of vessels foreign to the contexts of the site was the subject of a separate chapter.<\/em><\/p>\n<\/div>\n","protected":false},"excerpt":{"rendered":"<p>Exploitation des ressources argileuses et types de d\u00e9graissants de la c\u00e9ramique du N\u00e9olithique ancien au d\u00e9but de l\u2019\u00e2ge du Bronze en France m\u00e9ridionale Fabien Convertini Cet ouvrage traite des pratiques [&hellip;]<\/p>\n","protected":false},"featured_media":1461,"comment_status":"closed","ping_status":"closed","template":"","meta":[],"product_brand":[],"product_cat":[166],"product_tag":[76,21,99,302,75,108,20,79,301,303],"class_list":{"0":"post-1448","1":"product","2":"type-product","3":"status-publish","4":"has-post-thumbnail","6":"product_cat-monographies-syntheses-et-colloques","7":"product_tag-age-du-bronze","8":"product_tag-ceramique","9":"product_tag-languedoc","10":"product_tag-matieres-premieres","11":"product_tag-neolithique","12":"product_tag-neolithique-ancien","13":"product_tag-neolithique-final","14":"product_tag-neolithique-moyen","15":"product_tag-provence","16":"product_tag-technologie","17":"pa_isbn-978-2-35842-037-2","18":"pa_nombre-de-pages-298","19":"pa_poids-1-6","20":"has_thumb","22":"first","23":"instock","24":"featured","25":"purchasable","26":"product-type-simple"},"_links":{"self":[{"href":"https:\/\/archeoaep.fr\/index.php?rest_route=\/wp\/v2\/product\/1448","targetHints":{"allow":["GET"]}}],"collection":[{"href":"https:\/\/archeoaep.fr\/index.php?rest_route=\/wp\/v2\/product"}],"about":[{"href":"https:\/\/archeoaep.fr\/index.php?rest_route=\/wp\/v2\/types\/product"}],"replies":[{"embeddable":true,"href":"https:\/\/archeoaep.fr\/index.php?rest_route=%2Fwp%2Fv2%2Fcomments&post=1448"}],"wp:featuredmedia":[{"embeddable":true,"href":"https:\/\/archeoaep.fr\/index.php?rest_route=\/wp\/v2\/media\/1461"}],"wp:attachment":[{"href":"https:\/\/archeoaep.fr\/index.php?rest_route=%2Fwp%2Fv2%2Fmedia&parent=1448"}],"wp:term":[{"taxonomy":"product_brand","embeddable":true,"href":"https:\/\/archeoaep.fr\/index.php?rest_route=%2Fwp%2Fv2%2Fproduct_brand&post=1448"},{"taxonomy":"product_cat","embeddable":true,"href":"https:\/\/archeoaep.fr\/index.php?rest_route=%2Fwp%2Fv2%2Fproduct_cat&post=1448"},{"taxonomy":"product_tag","embeddable":true,"href":"https:\/\/archeoaep.fr\/index.php?rest_route=%2Fwp%2Fv2%2Fproduct_tag&post=1448"}],"curies":[{"name":"wp","href":"https:\/\/api.w.org\/{rel}","templated":true}]}}