{"id":161,"date":"2011-06-26T21:59:27","date_gmt":"2011-06-26T20:59:27","guid":{"rendered":"http:\/\/www.archeoaep.fr\/?post_type=product&#038;p=161"},"modified":"2015-03-23T16:20:51","modified_gmt":"2015-03-23T15:20:51","slug":"autour-du-pic-saint-loup-a-lage-du-cuivre","status":"publish","type":"product","link":"https:\/\/archeoaep.fr\/?product=autour-du-pic-saint-loup-a-lage-du-cuivre","title":{"rendered":"Autour du Pic Saint-Loup \u00e0 l\u2019\u00e2ge du Cuivre"},"content":{"rendered":"<p><strong>Autour du Pic Saint-Loup \u00e0 l\u2019\u00e2ge du Cuivre<\/strong><\/p>\n<p><strong>2011, J. COULAROU, J. GASCO et P. GALANT<\/strong> (photographies A. AIGOIN)<\/p>\n<p>Au cours du IIIe mill\u00e9naire avant notre \u00e8re, \u00e0 l\u2019\u00c2ge du cuivre, s\u2019est \u00e9panouie dans les garrigues du Languedoc, de la vall\u00e9e de l\u2019Orb jusqu\u2019au Rh\u00f4ne, une culture originale\u00a0: la culture de Fontbouisse. Essentiellement connue par ses spectaculaires vestiges d\u2019architecture en pierre s\u00e8che &#8211; habitats et m\u00e9galithes\u00a0-, elle compte autour du Pic Saint Loup de nombreux sites dont certains ouverts au public. Cet ouvrage replace ces localit\u00e9s dans leur environnement d\u2019alors. Il d\u00e9crit aussi les t\u00e9moins mat\u00e9riels qui en proc\u00e8dent et que les fouilles arch\u00e9ologiques ont r\u00e9v\u00e9l\u00e9s. Enfin il tente une esquisse de l\u2019organisation sociale existant au sein de ces anciennes communaut\u00e9s de paysans-\u00e9leveurs.<\/p>\n","protected":false},"excerpt":{"rendered":"<p>Autour du Pic Saint-Loup \u00e0 l\u2019\u00e2ge du Cuivre 2011, J. COULAROU, J. GASCO et P. GALANT (photographies A. AIGOIN) Au cours du IIIe mill\u00e9naire avant notre \u00e8re, \u00e0 l\u2019\u00c2ge du [&hellip;]<\/p>\n","protected":false},"featured_media":64,"comment_status":"closed","ping_status":"closed","template":"","meta":[],"product_brand":[],"product_cat":[166],"product_tag":[21,97,99,20,22],"class_list":{"0":"post-161","1":"product","2":"type-product","3":"status-publish","4":"has-post-thumbnail","6":"product_cat-monographies-syntheses-et-colloques","7":"product_tag-ceramique","8":"product_tag-habitat","9":"product_tag-languedoc","10":"product_tag-neolithique-final","11":"product_tag-silex","12":"pa_isbn-34","13":"pa_nombre-de-pages-35","14":"has_thumb","16":"first","17":"outofstock","18":"taxable","19":"shipping-taxable","20":"purchasable","21":"product-type-simple"},"_links":{"self":[{"href":"https:\/\/archeoaep.fr\/index.php?rest_route=\/wp\/v2\/product\/161","targetHints":{"allow":["GET"]}}],"collection":[{"href":"https:\/\/archeoaep.fr\/index.php?rest_route=\/wp\/v2\/product"}],"about":[{"href":"https:\/\/archeoaep.fr\/index.php?rest_route=\/wp\/v2\/types\/product"}],"replies":[{"embeddable":true,"href":"https:\/\/archeoaep.fr\/index.php?rest_route=%2Fwp%2Fv2%2Fcomments&post=161"}],"wp:featuredmedia":[{"embeddable":true,"href":"https:\/\/archeoaep.fr\/index.php?rest_route=\/wp\/v2\/media\/64"}],"wp:attachment":[{"href":"https:\/\/archeoaep.fr\/index.php?rest_route=%2Fwp%2Fv2%2Fmedia&parent=161"}],"wp:term":[{"taxonomy":"product_brand","embeddable":true,"href":"https:\/\/archeoaep.fr\/index.php?rest_route=%2Fwp%2Fv2%2Fproduct_brand&post=161"},{"taxonomy":"product_cat","embeddable":true,"href":"https:\/\/archeoaep.fr\/index.php?rest_route=%2Fwp%2Fv2%2Fproduct_cat&post=161"},{"taxonomy":"product_tag","embeddable":true,"href":"https:\/\/archeoaep.fr\/index.php?rest_route=%2Fwp%2Fv2%2Fproduct_tag&post=161"}],"curies":[{"name":"wp","href":"https:\/\/api.w.org\/{rel}","templated":true}]}}