{"id":163,"date":"2011-09-26T22:27:59","date_gmt":"2011-09-26T21:27:59","guid":{"rendered":"http:\/\/www.archeoaep.fr\/?product=rmpr-8"},"modified":"2023-11-03T18:43:42","modified_gmt":"2023-11-03T17:43:42","slug":"rmpr-8","status":"publish","type":"product","link":"https:\/\/archeoaep.fr\/?product=rmpr-8","title":{"rendered":"RMPR 8"},"content":{"rendered":"<div>\n<div>\n<h2>Marges, fronti\u00e8res et transgressions. Actualit\u00e9 de la recherche. Actes des huiti\u00e8mes Rencontres M\u00e9ridionales de Pr\u00e9histoire R\u00e9cente. Marseille, 7 et 8 novembre 2008<\/h2>\n<h3><strong><strong>2011<\/strong>, I. S\u00c9N\u00c9PART, T. PERRIN, \u00c9. THIRAULT, S. BONNARDIN, dir.<\/strong><\/h3>\n<p align=\"justify\">La reconnaissance des cultures arch\u00e9ologiques semble relativement ais\u00e9e et\/ou d\u00e9monstrative l\u00e0 o\u00f9 s\u2019expriment le mieux les traits sp\u00e9cifiques qui leur sont attribu\u00e9s (production c\u00e9ramique ou lithique, d\u00e9cors, types\u2026). Il est possible dans ce cas de cerner \u00ab\u00a0des zones centrales\u00a0\u00bb qui peuvent \u00eatre spatialement d\u00e9limit\u00e9es. L\u2019exercice devient p\u00e9rilleux lorsque l\u2019on s\u2019\u00e9loigne de ces centres et que l\u2019on gagne leurs marges \u2013 l\u2019expression des caract\u00e8res peut y \u00eatre exacerb\u00e9e ou au contraire dilu\u00e9e dans des \u00ab\u00a0ensembles mixtes\u00a0\u00bb. Cette question est particuli\u00e8rement cruciale en ce qui concerne la n\u00e9olithisation, mais se retrouve tout au long de la Pr\u00e9histoire r\u00e9cente, du M\u00e9solithique \u00e0 l\u2019\u00e2ge du Bronze. Au sein d\u2019un m\u00eame ensemble culturel se pose donc la question de la d\u00e9finition d\u2019entit\u00e9s coh\u00e9rentes, marg\u00e9es, mais partageant des termes communs. Quels crit\u00e8res objectifs permettent alors de d\u00e9finir des marges ou des fronti\u00e8res, lesquels signent des transgressions\u00a0? C\u2019est \u00e0 ces questions que les auteurs du Th\u00e9ma des 8e Rencontres M\u00e9ridionales de Pr\u00e9histoire R\u00e9cente de Marseille intitul\u00e9 \u00ab\u00a0Marges, fronti\u00e8res et transgressions\u00a0\u00bb ont tent\u00e9 de r\u00e9pondre au travers de huit contributions.<\/p>\n<p>Conform\u00e9ment aux r\u00e8gles des RMPR de promouvoir et de diffuser la recherche arch\u00e9ologique en Pr\u00e9histoire r\u00e9cente (du M\u00e9solithique \u00e0 l\u2019\u00e2ge du Bronze) dans le sud de la France, ce panel est accompagn\u00e9 de dix-sept articles d\u2019actualit\u00e9s scientifiques portant sur les recherches de terrain et de laboratoire des ann\u00e9es 2006-2008. Cette volont\u00e9 permet d\u2019offrir un espace de parole aux diff\u00e9rents acteurs de la discipline oeuvrant dans le Midi et ses marges afin de t\u00e9moigner du dynamisme de leur recherche.<\/p>\n<\/div>\n<\/div>\n","protected":false},"excerpt":{"rendered":"<p>Marges, fronti\u00e8res et transgressions. Actualit\u00e9 de la recherche. Actes des huiti\u00e8mes Rencontres M\u00e9ridionales de Pr\u00e9histoire R\u00e9cente. Marseille, 7 et 8 novembre 2008 2011, I. S\u00c9N\u00c9PART, T. PERRIN, \u00c9. THIRAULT, S. [&hellip;]<\/p>\n","protected":false},"featured_media":68,"comment_status":"closed","ping_status":"closed","template":"","meta":[],"product_brand":[],"product_cat":[166],"product_tag":[76,75,74],"class_list":{"0":"post-163","1":"product","2":"type-product","3":"status-publish","4":"has-post-thumbnail","6":"product_cat-monographies-syntheses-et-colloques","7":"product_tag-age-du-bronze","8":"product_tag-neolithique","9":"product_tag-rmpr","10":"pa_isbn-38","11":"has_thumb","13":"first","14":"instock","15":"sale","16":"taxable","17":"shipping-taxable","18":"purchasable","19":"product-type-simple"},"_links":{"self":[{"href":"https:\/\/archeoaep.fr\/index.php?rest_route=\/wp\/v2\/product\/163","targetHints":{"allow":["GET"]}}],"collection":[{"href":"https:\/\/archeoaep.fr\/index.php?rest_route=\/wp\/v2\/product"}],"about":[{"href":"https:\/\/archeoaep.fr\/index.php?rest_route=\/wp\/v2\/types\/product"}],"replies":[{"embeddable":true,"href":"https:\/\/archeoaep.fr\/index.php?rest_route=%2Fwp%2Fv2%2Fcomments&post=163"}],"wp:featuredmedia":[{"embeddable":true,"href":"https:\/\/archeoaep.fr\/index.php?rest_route=\/wp\/v2\/media\/68"}],"wp:attachment":[{"href":"https:\/\/archeoaep.fr\/index.php?rest_route=%2Fwp%2Fv2%2Fmedia&parent=163"}],"wp:term":[{"taxonomy":"product_brand","embeddable":true,"href":"https:\/\/archeoaep.fr\/index.php?rest_route=%2Fwp%2Fv2%2Fproduct_brand&post=163"},{"taxonomy":"product_cat","embeddable":true,"href":"https:\/\/archeoaep.fr\/index.php?rest_route=%2Fwp%2Fv2%2Fproduct_cat&post=163"},{"taxonomy":"product_tag","embeddable":true,"href":"https:\/\/archeoaep.fr\/index.php?rest_route=%2Fwp%2Fv2%2Fproduct_tag&post=163"}],"curies":[{"name":"wp","href":"https:\/\/api.w.org\/{rel}","templated":true}]}}