{"id":164,"date":"2010-09-27T05:43:59","date_gmt":"2010-09-27T04:43:59","guid":{"rendered":"http:\/\/www.archeoaep.fr\/?product=hommes-et-femmes-de-pierre"},"modified":"2025-11-10T08:30:23","modified_gmt":"2025-11-10T07:30:23","slug":"hommes-et-femmes-de-pierre","status":"publish","type":"product","link":"https:\/\/archeoaep.fr\/?product=hommes-et-femmes-de-pierre","title":{"rendered":"Hommes et femmes de pierre"},"content":{"rendered":"<h2>Hommes et femmes de pierre. Statues-menhirs du Rouergue et du Haut-Languedoc.<\/h2>\n<h3><strong>2010, Michel MAILL\u00c9<\/strong><\/h3>\n<p>Dans le Sud de la France &#8211; en Rouergue et sur les hautes terres du Languedoc central\u00a0-, d\u2019originales statues-menhirs repr\u00e9sentent des personnages grav\u00e9s ou sculpt\u00e9s sur de grandes pierres. Ces monuments datent du N\u00e9olithique final. Ils ont \u00e9t\u00e9 identifi\u00e9s d\u00e8s la fin du XIXe si\u00e8cle et constituent aujourd\u2019hui le plus important groupe des st\u00e8les anthropomorphes de la Pr\u00e9histoire europ\u00e9enne. Cet ouvrage pr\u00e9sente ce patrimoine unique, fort de 145 unit\u00e9s dont plusieurs r\u00e9cemment d\u00e9couvertes et in\u00e9dites. Chaque monument est figur\u00e9 et fait l\u2019objet d\u2019une fiche d\u00e9taill\u00e9e. L\u2019ensemble est ensuite trait\u00e9 statistiquement et replac\u00e9 dans le contexte g\u00e9ographique, arch\u00e9ologique et environnemental du Rouergue et du Haut-Languedoc. La signification des statues-menhirs est \u00e9galement abord\u00e9e\u00a0: l\u2019auteur interpr\u00e8te ces st\u00e8les comme des images de personnages charismatiques v\u00e9n\u00e9r\u00e9s. Mais ces monuments sont aussi des oeuvres d\u2019art et, \u00e0 ce titre, s\u2019affirment comme d\u2019exceptionnels t\u00e9moignages sur les soci\u00e9t\u00e9s de la fin de la Pr\u00e9histoire.<\/p>\n","protected":false},"excerpt":{"rendered":"<p>Hommes et femmes de pierre. Statues-menhirs du Rouergue et du Haut-Languedoc. 2010, Michel MAILL\u00c9 Dans le Sud de la France &#8211; en Rouergue et sur les hautes terres du Languedoc [&hellip;]<\/p>\n","protected":false},"featured_media":61,"comment_status":"closed","ping_status":"closed","template":"","meta":[],"product_brand":[],"product_cat":[166],"product_tag":[24,101,83,20,100],"class_list":{"0":"post-164","1":"product","2":"type-product","3":"status-publish","4":"has-post-thumbnail","6":"product_cat-monographies-syntheses-et-colloques","7":"product_tag-analyse-spatiale","8":"product_tag-art","9":"product_tag-midi-pyrenees","10":"product_tag-neolithique-final","11":"product_tag-statues-menhirs","12":"pa_isbn-978-2-35842-00443","13":"pa_nombre-de-pages-40","14":"has_thumb","16":"first","17":"outofstock","18":"sale","19":"taxable","20":"shipping-taxable","21":"purchasable","22":"product-type-simple"},"_links":{"self":[{"href":"https:\/\/archeoaep.fr\/index.php?rest_route=\/wp\/v2\/product\/164","targetHints":{"allow":["GET"]}}],"collection":[{"href":"https:\/\/archeoaep.fr\/index.php?rest_route=\/wp\/v2\/product"}],"about":[{"href":"https:\/\/archeoaep.fr\/index.php?rest_route=\/wp\/v2\/types\/product"}],"replies":[{"embeddable":true,"href":"https:\/\/archeoaep.fr\/index.php?rest_route=%2Fwp%2Fv2%2Fcomments&post=164"}],"wp:featuredmedia":[{"embeddable":true,"href":"https:\/\/archeoaep.fr\/index.php?rest_route=\/wp\/v2\/media\/61"}],"wp:attachment":[{"href":"https:\/\/archeoaep.fr\/index.php?rest_route=%2Fwp%2Fv2%2Fmedia&parent=164"}],"wp:term":[{"taxonomy":"product_brand","embeddable":true,"href":"https:\/\/archeoaep.fr\/index.php?rest_route=%2Fwp%2Fv2%2Fproduct_brand&post=164"},{"taxonomy":"product_cat","embeddable":true,"href":"https:\/\/archeoaep.fr\/index.php?rest_route=%2Fwp%2Fv2%2Fproduct_cat&post=164"},{"taxonomy":"product_tag","embeddable":true,"href":"https:\/\/archeoaep.fr\/index.php?rest_route=%2Fwp%2Fv2%2Fproduct_tag&post=164"}],"curies":[{"name":"wp","href":"https:\/\/api.w.org\/{rel}","templated":true}]}}