{"id":167,"date":"2009-09-30T20:10:14","date_gmt":"2009-09-30T19:10:14","guid":{"rendered":"http:\/\/www.archeoaep.fr\/?product=la-sicile-et-leurope-campaniforme"},"modified":"2024-07-01T06:15:44","modified_gmt":"2024-07-01T05:15:44","slug":"la-sicile-et-leurope-campaniforme","status":"publish","type":"product","link":"https:\/\/archeoaep.fr\/?product=la-sicile-et-leurope-campaniforme","title":{"rendered":"La Sicile et l\u2019Europe campaniforme"},"content":{"rendered":"<div>\n<div>\n<h1>La Sicile et l\u2019Europe campaniforme.<\/h1>\n<\/div>\n<\/div>\n<h3><strong><strong>2009<\/strong>, Jean GUILAINE, Sebastiano TUSA, Primo VENEROSO<\/strong><\/h3>\n<p>Longtemps consid\u00e9r\u00e9e comme marginale dans la sph\u00e8re campaniforme, la Sicile s\u2019affirme d\u00e9sormais, dans son aire occidentale, comme une terre d\u2019\u00e9panouissement de la culture des gobelets. La publication dans cet ouvrage de l\u2019importante collection Veneroso \u00e0 Sciacca ouvre, malgr\u00e9 l\u2019absence de contextes arch\u00e9ologiques clairement d\u00e9finis, de nouvelles perspectives sur cet horizon culturel. Elle montre la grande vari\u00e9t\u00e9 stylistique des campaniformes siciliens\u00a0: gobelets internationaux et \u00e9pimaritimes, presque toujours peints, gobelets \u00e0 d\u00e9cor miniaturiste, \u00ab\u00a0cazuelas\u00a0\u00bb de type ib\u00e9rique, tasses et pichets type Moarda inorn\u00e9s ou \u00e0 combinaison de bandes ouvrag\u00e9es horizontales et rayonnantes, \u00ab\u00a0coupes \u00e0 fruits\u00a0\u00bb \u00e0 motifs complexes. Une synth\u00e8se replace ces mat\u00e9riaux dans le contexte m\u00e9diterran\u00e9en et europ\u00e9en de la culture du vase campaniforme et r\u00e9\u00e9value la place de la Sicile dans ce processus.<\/p>\n","protected":false},"excerpt":{"rendered":"<p>La Sicile et l\u2019Europe campaniforme. 2009, Jean GUILAINE, Sebastiano TUSA, Primo VENEROSO Longtemps consid\u00e9r\u00e9e comme marginale dans la sph\u00e8re campaniforme, la Sicile s\u2019affirme d\u00e9sormais, dans son aire occidentale, comme une [&hellip;]<\/p>\n","protected":false},"featured_media":71,"comment_status":"closed","ping_status":"closed","template":"","meta":[],"product_brand":[],"product_cat":[166],"product_tag":[89,21,112,20,111],"class_list":{"0":"post-167","1":"product","2":"type-product","3":"status-publish","4":"has-post-thumbnail","6":"product_cat-monographies-syntheses-et-colloques","7":"product_tag-campaniforme","8":"product_tag-ceramique","9":"product_tag-italie","10":"product_tag-neolithique-final","11":"product_tag-sicile","12":"pa_isbn-978-2-35842-00443","13":"pa_nombre-de-pages-41","14":"has_thumb","16":"first","17":"instock","18":"sale","19":"taxable","20":"shipping-taxable","21":"purchasable","22":"product-type-simple"},"_links":{"self":[{"href":"https:\/\/archeoaep.fr\/index.php?rest_route=\/wp\/v2\/product\/167","targetHints":{"allow":["GET"]}}],"collection":[{"href":"https:\/\/archeoaep.fr\/index.php?rest_route=\/wp\/v2\/product"}],"about":[{"href":"https:\/\/archeoaep.fr\/index.php?rest_route=\/wp\/v2\/types\/product"}],"replies":[{"embeddable":true,"href":"https:\/\/archeoaep.fr\/index.php?rest_route=%2Fwp%2Fv2%2Fcomments&post=167"}],"wp:featuredmedia":[{"embeddable":true,"href":"https:\/\/archeoaep.fr\/index.php?rest_route=\/wp\/v2\/media\/71"}],"wp:attachment":[{"href":"https:\/\/archeoaep.fr\/index.php?rest_route=%2Fwp%2Fv2%2Fmedia&parent=167"}],"wp:term":[{"taxonomy":"product_brand","embeddable":true,"href":"https:\/\/archeoaep.fr\/index.php?rest_route=%2Fwp%2Fv2%2Fproduct_brand&post=167"},{"taxonomy":"product_cat","embeddable":true,"href":"https:\/\/archeoaep.fr\/index.php?rest_route=%2Fwp%2Fv2%2Fproduct_cat&post=167"},{"taxonomy":"product_tag","embeddable":true,"href":"https:\/\/archeoaep.fr\/index.php?rest_route=%2Fwp%2Fv2%2Fproduct_tag&post=167"}],"curies":[{"name":"wp","href":"https:\/\/api.w.org\/{rel}","templated":true}]}}