{"id":171,"date":"2008-06-30T20:26:03","date_gmt":"2008-06-30T19:26:03","guid":{"rendered":"http:\/\/www.archeoaep.fr\/?product=boussargues"},"modified":"2023-10-17T11:15:06","modified_gmt":"2023-10-17T10:15:06","slug":"boussargues","status":"publish","type":"product","link":"https:\/\/archeoaep.fr\/?product=boussargues","title":{"rendered":"Boussargues"},"content":{"rendered":"<h1>Boussargues. Une enceinte chalcolithique des garrigues du Sud de la France.<\/h1>\n<p><strong><strong>2008<\/strong>, Jacques COULAROU, Fr\u00e9d\u00e9ric JALLET, Albert COLOMER et Jean BALBURE.<\/strong><\/p>\n<p>Cet ouvrage dresse un bilan des connaissances sur les pratiques fun\u00e9raires au N\u00e9olithique dans le Toulousain. Il pr\u00e9sente tout d\u2019abord une s\u00e9rie de mobiliers remarquables trouv\u00e9s anciennement qui sont \u00e0 classer dans \u00ab\u00a0les\u00a0biens ostentatoires\u00a0\u00bb ayant pu faire partie de dotations fun\u00e9raires. Il expose ensuite toutes les donn\u00e9es disponibles sur les s\u00e9pultures des habitats chass\u00e9ens de Villeneuve-Tolosane\/Cugnaux, de Saint-Michel-du-Touch et de Narbons \u00e0 Montesquieu-Lauragais. Les vingt-cinq s\u00e9pultures \u00e9tudi\u00e9es r\u00e9v\u00e8lent la variabilit\u00e9 des pratiques fun\u00e9raires telles qu\u2019elles sont document\u00e9es dans ces contextes d\u2019habitats \u00e0 occupations \u00e9chelonn\u00e9es sur tout le N\u00e9olithique moyen et r\u00e9cent (4500 \u00e0 3500 av. J.-C.). Il propose un classement des types de s\u00e9pultures, des modes de traitement des cadavres et des compositions des \u00e9quipements et offrandes pour l\u2019au-del\u00e0. Ces donn\u00e9es sont corr\u00e9l\u00e9es aux informations extrins\u00e8ques sur la localisation des s\u00e9pultures dans les trames des structures d\u2019habitats successives et des informations chronom\u00e9triques obtenues gr\u00e2ce aux datations AMS sur les restes humains de la plupart des sujets. Il comporte une premi\u00e8re synth\u00e8se sur les r\u00e9sultats des analyses isotopiques r\u00e9alis\u00e9es sur le collag\u00e8ne des restes osseux humains et animaux. Cette approche a permis de cerner des diff\u00e9rences de r\u00e9gime alimentaire entre les sujets n\u00e9olithiques du Toulousain par rapport \u00e0 ceux \u00e9tudi\u00e9s dans la zone m\u00e9diterran\u00e9enne du Languedoc. Il en r\u00e9sulte un mod\u00e8le qui r\u00e9v\u00e8le une \u00e9volution partant de s\u00e9pultures r\u00e9utilisant des fosses domestiques pr\u00e9existantes et conduisant \u00e0 des groupes fun\u00e9raires implant\u00e9s dans les foss\u00e9s d\u2019enceintes ou sur les marges des habitats. Il pourrait s\u2019agir des premiers jalons d\u2019une \u00e9volution conduisant \u00e0 la dissociation des espaces domestiques et fun\u00e9raires et au passage entre le traitement individuel et collectif des d\u00e9funts. Les mobiliers fun\u00e9raires, qu\u2019il s\u2019agisse d\u2019\u00e9l\u00e9ments constituant la parure des d\u00e9funts ou d\u2019\u00e9quipements et offrandes plus ou moins mis en sc\u00e8ne dans les s\u00e9pulcres, montrent une \u00e9volution qui se manifeste par un marquage de plus en plus accus\u00e9 des distinctions sociales lors du d\u00e9veloppement des grandes enceintes chass\u00e9ennes du Toulousain. On peut y voir les signes d\u2019une exacerbation des in\u00e9galit\u00e9s dans ces soci\u00e9t\u00e9s qui correspondent aux \u00ab\u00a0ploutocraties \u00e0 ostentation\u00a0\u00bb identifi\u00e9es par A. Testart.<\/p>\n<p>&nbsp;<\/p>\n","protected":false},"excerpt":{"rendered":"<p>Boussargues. Une enceinte chalcolithique des garrigues du Sud de la France. 2008, Jacques COULAROU, Fr\u00e9d\u00e9ric JALLET, Albert COLOMER et Jean BALBURE. Cet ouvrage dresse un bilan des connaissances sur les [&hellip;]<\/p>\n","protected":false},"featured_media":51,"comment_status":"closed","ping_status":"closed","template":"","meta":[],"product_brand":[],"product_cat":[166],"product_tag":[98,21,97,23,99,20],"class_list":{"0":"post-171","1":"product","2":"type-product","3":"status-publish","4":"has-post-thumbnail","6":"product_cat-monographies-syntheses-et-colloques","7":"product_tag-architecture","8":"product_tag-ceramique","9":"product_tag-habitat","10":"product_tag-industrie-lithique","11":"product_tag-languedoc","12":"product_tag-neolithique-final","13":"pa_isbn-978-2-35842-0020","14":"pa_nombre-de-pages-47","15":"has_thumb","17":"first","18":"outofstock","19":"sale","20":"taxable","21":"shipping-taxable","22":"purchasable","23":"product-type-simple"},"_links":{"self":[{"href":"https:\/\/archeoaep.fr\/index.php?rest_route=\/wp\/v2\/product\/171","targetHints":{"allow":["GET"]}}],"collection":[{"href":"https:\/\/archeoaep.fr\/index.php?rest_route=\/wp\/v2\/product"}],"about":[{"href":"https:\/\/archeoaep.fr\/index.php?rest_route=\/wp\/v2\/types\/product"}],"replies":[{"embeddable":true,"href":"https:\/\/archeoaep.fr\/index.php?rest_route=%2Fwp%2Fv2%2Fcomments&post=171"}],"wp:featuredmedia":[{"embeddable":true,"href":"https:\/\/archeoaep.fr\/index.php?rest_route=\/wp\/v2\/media\/51"}],"wp:attachment":[{"href":"https:\/\/archeoaep.fr\/index.php?rest_route=%2Fwp%2Fv2%2Fmedia&parent=171"}],"wp:term":[{"taxonomy":"product_brand","embeddable":true,"href":"https:\/\/archeoaep.fr\/index.php?rest_route=%2Fwp%2Fv2%2Fproduct_brand&post=171"},{"taxonomy":"product_cat","embeddable":true,"href":"https:\/\/archeoaep.fr\/index.php?rest_route=%2Fwp%2Fv2%2Fproduct_cat&post=171"},{"taxonomy":"product_tag","embeddable":true,"href":"https:\/\/archeoaep.fr\/index.php?rest_route=%2Fwp%2Fv2%2Fproduct_tag&post=171"}],"curies":[{"name":"wp","href":"https:\/\/api.w.org\/{rel}","templated":true}]}}