{"id":172,"date":"2007-09-30T20:28:49","date_gmt":"2007-09-30T19:28:49","guid":{"rendered":"http:\/\/www.archeoaep.fr\/?product=pont-de-roque-haute"},"modified":"2018-12-05T10:34:00","modified_gmt":"2018-12-05T09:34:00","slug":"pont-de-roque-haute","status":"publish","type":"product","link":"https:\/\/archeoaep.fr\/?product=pont-de-roque-haute","title":{"rendered":"Pont de Roque-Haute"},"content":{"rendered":"<h1>Pont de Roque-Haute. Nouveaux regards sur la n\u00e9olithisation de la France m\u00e9diterran\u00e9enne.<\/h1>\n<p><strong><strong>2007<\/strong>, Jean GUILAINE, Claire MANEN et Jean-Denis VIGNE, dir.<\/strong><\/p>\n<p>Cet ouvrage constitue la monographie du site de Pont de Roque-Haute (Portiragnes, H\u00e9rault), l\u2019une des plus anciennes installations n\u00e9olithiques du littoral m\u00e9diterran\u00e9en fran\u00e7ais. Les vestiges mis au jour t\u00e9moignent de l\u2019installation, dans la premi\u00e8re moiti\u00e9 du 6e mill\u00e9naire avant notre \u00e8re, d\u2019un petit groupe humain en provenance probable de l\u2019Italie centro-m\u00e9ridionale. Tout en conservant le mode de vie d\u00e9velopp\u00e9 dans leur zone d\u2019origine, ces pionniers n\u00e9olithiques ont su s\u2019adapter aux caract\u00e9ristiques environnementales r\u00e9gionales et utiliser la diversit\u00e9 des ressources offertes. La vingtaine de contributions r\u00e9unies propose une description de l\u2019environnement dans lequel les N\u00e9olithiques ont d\u00e9velopp\u00e9 leurs activit\u00e9s et une analyse de la fa\u00e7on dont ils ont exploit\u00e9 ce milieu, \u00e0 partir des donn\u00e9es mat\u00e9rielles et \u00e9conomiques. Dans la partie finale de synth\u00e8se, le site est replac\u00e9 dans le sc\u00e9nario plus large de la n\u00e9olithisation de la M\u00e9diterran\u00e9e nord-occidentale.<\/p>\n","protected":false},"excerpt":{"rendered":"<p>Pont de Roque-Haute. Nouveaux regards sur la n\u00e9olithisation de la France m\u00e9diterran\u00e9enne. 2007, Jean GUILAINE, Claire MANEN et Jean-Denis VIGNE, dir. Cet ouvrage constitue la monographie du site de Pont [&hellip;]<\/p>\n","protected":false},"featured_media":66,"comment_status":"closed","ping_status":"closed","template":"","meta":[],"product_brand":[],"product_cat":[166],"product_tag":[117,115,21,105,23,99,108,116],"class_list":{"0":"post-172","1":"product","2":"type-product","3":"status-publish","4":"has-post-thumbnail","6":"product_cat-monographies-syntheses-et-colloques","7":"product_tag-archeozoolgie","8":"product_tag-ceramica-impressa","9":"product_tag-ceramique","10":"product_tag-chronologie","11":"product_tag-industrie-lithique","12":"product_tag-languedoc","13":"product_tag-neolithique-ancien","14":"product_tag-neolithisation","15":"pa_isbn-978-2-35842-0020","16":"pa_nombre-de-pages-48","17":"has_thumb","19":"first","20":"outofstock","21":"sale","22":"taxable","23":"shipping-taxable","24":"purchasable","25":"product-type-simple"},"_links":{"self":[{"href":"https:\/\/archeoaep.fr\/index.php?rest_route=\/wp\/v2\/product\/172","targetHints":{"allow":["GET"]}}],"collection":[{"href":"https:\/\/archeoaep.fr\/index.php?rest_route=\/wp\/v2\/product"}],"about":[{"href":"https:\/\/archeoaep.fr\/index.php?rest_route=\/wp\/v2\/types\/product"}],"replies":[{"embeddable":true,"href":"https:\/\/archeoaep.fr\/index.php?rest_route=%2Fwp%2Fv2%2Fcomments&post=172"}],"wp:featuredmedia":[{"embeddable":true,"href":"https:\/\/archeoaep.fr\/index.php?rest_route=\/wp\/v2\/media\/66"}],"wp:attachment":[{"href":"https:\/\/archeoaep.fr\/index.php?rest_route=%2Fwp%2Fv2%2Fmedia&parent=172"}],"wp:term":[{"taxonomy":"product_brand","embeddable":true,"href":"https:\/\/archeoaep.fr\/index.php?rest_route=%2Fwp%2Fv2%2Fproduct_brand&post=172"},{"taxonomy":"product_cat","embeddable":true,"href":"https:\/\/archeoaep.fr\/index.php?rest_route=%2Fwp%2Fv2%2Fproduct_cat&post=172"},{"taxonomy":"product_tag","embeddable":true,"href":"https:\/\/archeoaep.fr\/index.php?rest_route=%2Fwp%2Fv2%2Fproduct_tag&post=172"}],"curies":[{"name":"wp","href":"https:\/\/api.w.org\/{rel}","templated":true}]}}