{"id":175,"date":"2000-09-30T20:34:36","date_gmt":"2000-09-30T19:34:36","guid":{"rendered":"http:\/\/www.archeoaep.fr\/?product=rmpr-3"},"modified":"2024-05-21T07:40:37","modified_gmt":"2024-05-21T06:40:37","slug":"rmpr-3","status":"publish","type":"product","link":"https:\/\/archeoaep.fr\/?product=rmpr-3","title":{"rendered":"RMPR 3"},"content":{"rendered":"<div>\n<div>\n<h1>Soci\u00e9t\u00e9s et espaces.<\/h1>\n<\/div>\n<\/div>\n<h3><strong>2000<\/strong>, Mireille LEDUC, Nicolas VALDEYRON et Jean VAQUER, dir.<\/h3>\n<p>Actes des Troisi\u00e8mes Rencontres M\u00e9ridionales de Pr\u00e9histoire R\u00e9cente, tenues \u00e0 Toulouse les 6 et 7 novembre 1998.<\/p>\n<p>&nbsp;<\/p>\n","protected":false},"excerpt":{"rendered":"<p>Soci\u00e9t\u00e9s et espaces. 2000, Mireille LEDUC, Nicolas VALDEYRON et Jean VAQUER, dir. Actes des Troisi\u00e8mes Rencontres M\u00e9ridionales de Pr\u00e9histoire R\u00e9cente, tenues \u00e0 Toulouse les 6 et 7 novembre 1998. &nbsp;<\/p>\n","protected":false},"featured_media":67,"comment_status":"closed","ping_status":"closed","template":"","meta":[],"product_brand":[],"product_cat":[166],"product_tag":[76,75,74],"class_list":{"0":"post-175","1":"product","2":"type-product","3":"status-publish","4":"has-post-thumbnail","6":"product_cat-monographies-syntheses-et-colloques","7":"product_tag-age-du-bronze","8":"product_tag-neolithique","9":"product_tag-rmpr","10":"pa_isbn-978-2-35842-0020","11":"pa_nombre-de-pages-51","12":"has_thumb","14":"first","15":"instock","16":"sale","17":"taxable","18":"shipping-taxable","19":"purchasable","20":"product-type-simple"},"_links":{"self":[{"href":"https:\/\/archeoaep.fr\/index.php?rest_route=\/wp\/v2\/product\/175","targetHints":{"allow":["GET"]}}],"collection":[{"href":"https:\/\/archeoaep.fr\/index.php?rest_route=\/wp\/v2\/product"}],"about":[{"href":"https:\/\/archeoaep.fr\/index.php?rest_route=\/wp\/v2\/types\/product"}],"replies":[{"embeddable":true,"href":"https:\/\/archeoaep.fr\/index.php?rest_route=%2Fwp%2Fv2%2Fcomments&post=175"}],"wp:featuredmedia":[{"embeddable":true,"href":"https:\/\/archeoaep.fr\/index.php?rest_route=\/wp\/v2\/media\/67"}],"wp:attachment":[{"href":"https:\/\/archeoaep.fr\/index.php?rest_route=%2Fwp%2Fv2%2Fmedia&parent=175"}],"wp:term":[{"taxonomy":"product_brand","embeddable":true,"href":"https:\/\/archeoaep.fr\/index.php?rest_route=%2Fwp%2Fv2%2Fproduct_brand&post=175"},{"taxonomy":"product_cat","embeddable":true,"href":"https:\/\/archeoaep.fr\/index.php?rest_route=%2Fwp%2Fv2%2Fproduct_cat&post=175"},{"taxonomy":"product_tag","embeddable":true,"href":"https:\/\/archeoaep.fr\/index.php?rest_route=%2Fwp%2Fv2%2Fproduct_tag&post=175"}],"curies":[{"name":"wp","href":"https:\/\/api.w.org\/{rel}","templated":true}]}}