{"id":179,"date":"1996-09-30T20:44:18","date_gmt":"1996-09-30T19:44:18","guid":{"rendered":"http:\/\/www.archeoaep.fr\/?product=le-laouret"},"modified":"2015-05-26T15:17:28","modified_gmt":"2015-05-26T14:17:28","slug":"le-laouret","status":"publish","type":"product","link":"https:\/\/archeoaep.fr\/?product=le-laouret","title":{"rendered":"Le Laouret et la montagne d\u2019Alaric \u00e0 la fin de l\u2019\u00e2ge du Bronze"},"content":{"rendered":"<div>\n<div>\n<h1>Le Laouret et la montagne d\u2019Alaric \u00e0 la fin de l\u2019\u00e2ge du Bronze. Un hameau abandonn\u00e9 entre Floure et Monze (Aude).<\/h1>\n<\/div>\n<\/div>\n<h3><strong>1996<\/strong>, Jean GASCO <i>et al.<\/i><\/h3>\n<p>Le site perch\u00e9 du Laouret date des Xe-XIe si\u00e8cles avant notre \u00e8re. Un tr\u00e8s abondant mobilier permet de caract\u00e9riser la culture mat\u00e9rielle r\u00e9gionale du bassin de l\u2019Aude vers la fin de l\u2019Age du Bronze. Des \u00e9tudes fauniques et pal\u00e9oenvironnementales (climatologie, anthracologie, g\u00e9omorphologie) \u00e9clairent les activit\u00e9s des paysans. Le site a livr\u00e9 plusieurs ensembles d\u2019habitats en bois \u00e0 poteaux. Un couple de maisons \u00e0 foyer-resserre a pu \u00eatre finement analys\u00e9 gr\u00e2ce \u00e0 une fouille planim\u00e9trique et une exploitation m\u00ealant cartographie automatique et plans de r\u00e9partition des objets. Les auteurs traitent aussi des traits culturels et des activit\u00e9s humaines de cette petite communaut\u00e9 paysanne en abordant la mise en place des paysages et la dimension historique de leur \u00e9volution.<\/p>\n","protected":false},"excerpt":{"rendered":"<p>Le Laouret et la montagne d\u2019Alaric \u00e0 la fin de l\u2019\u00e2ge du Bronze. Un hameau abandonn\u00e9 entre Floure et Monze (Aude). 1996, Jean GASCO et al. Le site perch\u00e9 du [&hellip;]<\/p>\n","protected":false},"featured_media":59,"comment_status":"closed","ping_status":"closed","template":"","meta":[],"product_brand":[],"product_cat":[166],"product_tag":[76,81,97,99],"class_list":{"0":"post-179","1":"product","2":"type-product","3":"status-publish","4":"has-post-thumbnail","6":"product_cat-monographies-syntheses-et-colloques","7":"product_tag-age-du-bronze","8":"product_tag-aude","9":"product_tag-habitat","10":"product_tag-languedoc","11":"pa_isbn-978-2-35842-0020","12":"pa_nombre-de-pages-54","13":"has_thumb","15":"first","16":"outofstock","17":"sale","18":"taxable","19":"shipping-taxable","20":"purchasable","21":"product-type-simple"},"_links":{"self":[{"href":"https:\/\/archeoaep.fr\/index.php?rest_route=\/wp\/v2\/product\/179","targetHints":{"allow":["GET"]}}],"collection":[{"href":"https:\/\/archeoaep.fr\/index.php?rest_route=\/wp\/v2\/product"}],"about":[{"href":"https:\/\/archeoaep.fr\/index.php?rest_route=\/wp\/v2\/types\/product"}],"replies":[{"embeddable":true,"href":"https:\/\/archeoaep.fr\/index.php?rest_route=%2Fwp%2Fv2%2Fcomments&post=179"}],"wp:featuredmedia":[{"embeddable":true,"href":"https:\/\/archeoaep.fr\/index.php?rest_route=\/wp\/v2\/media\/59"}],"wp:attachment":[{"href":"https:\/\/archeoaep.fr\/index.php?rest_route=%2Fwp%2Fv2%2Fmedia&parent=179"}],"wp:term":[{"taxonomy":"product_brand","embeddable":true,"href":"https:\/\/archeoaep.fr\/index.php?rest_route=%2Fwp%2Fv2%2Fproduct_brand&post=179"},{"taxonomy":"product_cat","embeddable":true,"href":"https:\/\/archeoaep.fr\/index.php?rest_route=%2Fwp%2Fv2%2Fproduct_cat&post=179"},{"taxonomy":"product_tag","embeddable":true,"href":"https:\/\/archeoaep.fr\/index.php?rest_route=%2Fwp%2Fv2%2Fproduct_tag&post=179"}],"curies":[{"name":"wp","href":"https:\/\/api.w.org\/{rel}","templated":true}]}}