{"id":182,"date":"1986-09-30T20:50:57","date_gmt":"1986-09-30T19:50:57","guid":{"rendered":"http:\/\/www.archeoaep.fr\/?product=carsac"},"modified":"2015-02-11T13:45:32","modified_gmt":"2015-02-11T12:45:32","slug":"carsac","status":"publish","type":"product","link":"https:\/\/archeoaep.fr\/?product=carsac","title":{"rendered":"Carsac"},"content":{"rendered":"<div>\n<div>\n<h1>Carsac. Une agglom\u00e9ration protohistorique en Languedoc.<\/h1>\n<\/div>\n<\/div>\n<h3><strong>1986<\/strong>, Jean GUILAINE <i>et al<\/i><i>.<\/i><\/h3>\n<p>La premi\u00e8re Carcassonne. Une localit\u00e9 de 20 \u00e0 25 hectares, retranch\u00e9e derri\u00e8re un dispositif de foss\u00e9s, s\u2019\u00e9levait du IXe au VI si\u00e8cle avant J.-C. \u00e0 deux kilom\u00e8tres au Sud de l\u2019actuelle Cit\u00e9. Ce site \u00e9tonnant, connu \u00e0 travers un syst\u00e8me de retranchements et ses nombreux silos, a fait l\u2019objet de diverses analyses qui permettent de faire revivre le quotidien des populations protohistoriques du bassin de l\u2019Aude, en marge du littoral bas-languedocien.<\/p>\n<p>&nbsp;<\/p>\n","protected":false},"excerpt":{"rendered":"<p>Carsac. Une agglom\u00e9ration protohistorique en Languedoc. 1986, Jean GUILAINE et al. La premi\u00e8re Carcassonne. Une localit\u00e9 de 20 \u00e0 25 hectares, retranch\u00e9e derri\u00e8re un dispositif de foss\u00e9s, s\u2019\u00e9levait du IXe [&hellip;]<\/p>\n","protected":false},"featured_media":52,"comment_status":"closed","ping_status":"closed","template":"","meta":[],"product_brand":[],"product_cat":[166],"product_tag":[81,99,20],"class_list":{"0":"post-182","1":"product","2":"type-product","3":"status-publish","4":"has-post-thumbnail","6":"product_cat-monographies-syntheses-et-colloques","7":"product_tag-aude","8":"product_tag-languedoc","9":"product_tag-neolithique-final","10":"pa_isbn-978-2-35842-0020","11":"pa_nombre-de-pages-57","12":"has_thumb","14":"first","15":"outofstock","16":"sale","17":"taxable","18":"shipping-taxable","19":"purchasable","20":"product-type-simple"},"_links":{"self":[{"href":"https:\/\/archeoaep.fr\/index.php?rest_route=\/wp\/v2\/product\/182","targetHints":{"allow":["GET"]}}],"collection":[{"href":"https:\/\/archeoaep.fr\/index.php?rest_route=\/wp\/v2\/product"}],"about":[{"href":"https:\/\/archeoaep.fr\/index.php?rest_route=\/wp\/v2\/types\/product"}],"replies":[{"embeddable":true,"href":"https:\/\/archeoaep.fr\/index.php?rest_route=%2Fwp%2Fv2%2Fcomments&post=182"}],"wp:featuredmedia":[{"embeddable":true,"href":"https:\/\/archeoaep.fr\/index.php?rest_route=\/wp\/v2\/media\/52"}],"wp:attachment":[{"href":"https:\/\/archeoaep.fr\/index.php?rest_route=%2Fwp%2Fv2%2Fmedia&parent=182"}],"wp:term":[{"taxonomy":"product_brand","embeddable":true,"href":"https:\/\/archeoaep.fr\/index.php?rest_route=%2Fwp%2Fv2%2Fproduct_brand&post=182"},{"taxonomy":"product_cat","embeddable":true,"href":"https:\/\/archeoaep.fr\/index.php?rest_route=%2Fwp%2Fv2%2Fproduct_cat&post=182"},{"taxonomy":"product_tag","embeddable":true,"href":"https:\/\/archeoaep.fr\/index.php?rest_route=%2Fwp%2Fv2%2Fproduct_tag&post=182"}],"curies":[{"name":"wp","href":"https:\/\/api.w.org\/{rel}","templated":true}]}}