{"id":184,"date":"1984-09-30T20:54:09","date_gmt":"1984-09-30T19:54:09","guid":{"rendered":"http:\/\/www.archeoaep.fr\/?product=leucate-correge"},"modified":"2021-11-04T08:51:24","modified_gmt":"2021-11-04T07:51:24","slug":"leucate-correge","status":"publish","type":"product","link":"https:\/\/archeoaep.fr\/?product=leucate-correge","title":{"rendered":"Leucate-Corr\u00e8ge"},"content":{"rendered":"<h1>Leucate-Corr\u00e8ge, habitat noy\u00e9 du N\u00e9olithique ancien cardial.<\/h1>\n<h3><strong>1984<\/strong>, Jean GUILAINE <i>et al<\/i><i>.<\/i><\/h3>\n<p>Les travaux d\u2019am\u00e9nagements de la station de Leucate ont entra\u00een\u00e9 la d\u00e9couverte dans l\u2019\u00e9tang de Salses-Leucate d\u2019un abondant mat\u00e9riel attribuable au N\u00e9olithique ancien cardial. L\u2019\u00e9tude de la documentation arch\u00e9ologique s\u2019associe dans cet ouvrage \u00e0 diverses donn\u00e9es sur le statut \u00e9conomique de cette communaut\u00e9 de pal\u00e9o-agriculteurs. Ce gisement pose le probl\u00e8me de l\u2019existence de sites littoraux n\u00e9olithiques ou plus anciens aujourd\u2019hui d\u00e9truits ou enfouis sous les s\u00e9diments marins.<\/p>\n<p>&nbsp;<\/p>\n","protected":false},"excerpt":{"rendered":"<p>Leucate-Corr\u00e8ge, habitat noy\u00e9 du N\u00e9olithique ancien cardial. 1984, Jean GUILAINE et al. Les travaux d\u2019am\u00e9nagements de la station de Leucate ont entra\u00een\u00e9 la d\u00e9couverte dans l\u2019\u00e9tang de Salses-Leucate d\u2019un abondant [&hellip;]<\/p>\n","protected":false},"featured_media":60,"comment_status":"closed","ping_status":"closed","template":"","meta":[],"product_brand":[],"product_cat":[166],"product_tag":[81,128,21,127,23,99,108],"class_list":{"0":"post-184","1":"product","2":"type-product","3":"status-publish","4":"has-post-thumbnail","6":"product_cat-monographies-syntheses-et-colloques","7":"product_tag-aude","8":"product_tag-cardial","9":"product_tag-ceramique","10":"product_tag-epicardial","11":"product_tag-industrie-lithique","12":"product_tag-languedoc","13":"product_tag-neolithique-ancien","14":"pa_isbn-978-2-35842-0020","15":"pa_nombre-de-pages-58","16":"has_thumb","18":"first","19":"onbackorder","20":"taxable","21":"shipping-taxable","22":"purchasable","23":"product-type-simple"},"_links":{"self":[{"href":"https:\/\/archeoaep.fr\/index.php?rest_route=\/wp\/v2\/product\/184","targetHints":{"allow":["GET"]}}],"collection":[{"href":"https:\/\/archeoaep.fr\/index.php?rest_route=\/wp\/v2\/product"}],"about":[{"href":"https:\/\/archeoaep.fr\/index.php?rest_route=\/wp\/v2\/types\/product"}],"replies":[{"embeddable":true,"href":"https:\/\/archeoaep.fr\/index.php?rest_route=%2Fwp%2Fv2%2Fcomments&post=184"}],"wp:featuredmedia":[{"embeddable":true,"href":"https:\/\/archeoaep.fr\/index.php?rest_route=\/wp\/v2\/media\/60"}],"wp:attachment":[{"href":"https:\/\/archeoaep.fr\/index.php?rest_route=%2Fwp%2Fv2%2Fmedia&parent=184"}],"wp:term":[{"taxonomy":"product_brand","embeddable":true,"href":"https:\/\/archeoaep.fr\/index.php?rest_route=%2Fwp%2Fv2%2Fproduct_brand&post=184"},{"taxonomy":"product_cat","embeddable":true,"href":"https:\/\/archeoaep.fr\/index.php?rest_route=%2Fwp%2Fv2%2Fproduct_cat&post=184"},{"taxonomy":"product_tag","embeddable":true,"href":"https:\/\/archeoaep.fr\/index.php?rest_route=%2Fwp%2Fv2%2Fproduct_tag&post=184"}],"curies":[{"name":"wp","href":"https:\/\/api.w.org\/{rel}","templated":true}]}}