{"id":185,"date":"2004-09-30T20:57:32","date_gmt":"2004-09-30T19:57:32","guid":{"rendered":"http:\/\/www.archeoaep.fr\/?product=aep-16"},"modified":"2023-10-18T12:14:47","modified_gmt":"2023-10-18T11:14:47","slug":"aep-16","status":"publish","type":"product","link":"https:\/\/archeoaep.fr\/?product=aep-16","title":{"rendered":"AEP 16 &#8211; Du N\u00e9olithique \u00e0 l\u2019\u00c2ge du Bronze dans les Pyr\u00e9n\u00e9es centrales fran\u00e7aises"},"content":{"rendered":"<h2>AEP n\u00b0\u00a016 &#8211; Du N\u00e9olithique \u00e0 l\u2019\u00c2ge du Bronze dans les Pyr\u00e9n\u00e9es centrales fran\u00e7aises.<\/h2>\n<h3><strong>Nathalie ROUQEROL, 2004<\/strong><\/h3>\n<p>La pr\u00e9sence humaine dans les Pyr\u00e9n\u00e9es centrales est mal connue \u00e0 partir de l\u2019Holoc\u00e8ne. Les recherches, poursuivies pendant un si\u00e8cle et demi, ont pourtant permis d\u2019accumuler d\u2019int\u00e9ressants t\u00e9moins aujourd\u2019hui tr\u00e8s dispers\u00e9s dans diverses collections priv\u00e9es et mus\u00e9es publics. Une g\u00e9ographie sp\u00e9cifique de coteaux adoss\u00e9s aux massifs montagneux et ouvrant sur de larges vall\u00e9es a favoris\u00e9 des occupations qui, peu \u00e0 peu, ont \u00e9t\u00e9 reconstitu\u00e9es au fil de cette \u00e9tude. Parcourant l\u2019Ari\u00e8ge, la Haute-Garonne et l\u2019Est des Hautes-Pyr\u00e9n\u00e9es, l\u2019auteur a regroup\u00e9 un corpus documentaire pour partie in\u00e9dit. Plus d\u2019une centaine de sites arch\u00e9ologiques ont \u00e9t\u00e9 recens\u00e9s, le plus souvent en grottes. De nombreuses cartes et figures illustrent l\u2019occupation du territoire et le mobilier de ces occupations. A la lumi\u00e8re de comparaisons extra-r\u00e9gionales, s\u2019\u00e9claire l\u2019\u00e9volution de cultures dont la pr\u00e9gnance s\u2019affirme dans ce territoire \u00e0 partir du Chalcolithique, avec une claire pr\u00e9sence campaniforme, pour se conforter plus encore au IIe mill\u00e9naire avant notre \u00e8re. Les vestiges de l\u2019\u00c2ge du bronze ancien et moyen sont les plus nombreux. Sans se d\u00e9partir de sp\u00e9cificit\u00e9s locales le corpus montre parall\u00e8lement la continuit\u00e9 et les relations qui unissent les Pyr\u00e9n\u00e9es centrales aux r\u00e9gions voisines. Ce travail constitue donc un bon \u00e9tat documentaire de cette r\u00e9gion et souhaite ainsi ouvrir la voie \u00e0 de nouvelles recherches.<\/p>\n","protected":false},"excerpt":{"rendered":"<p>AEP n\u00b0\u00a016 &#8211; Du N\u00e9olithique \u00e0 l\u2019\u00c2ge du Bronze dans les Pyr\u00e9n\u00e9es centrales fran\u00e7aises. Nathalie ROUQEROL, 2004 La pr\u00e9sence humaine dans les Pyr\u00e9n\u00e9es centrales est mal connue \u00e0 partir de [&hellip;]<\/p>\n","protected":false},"featured_media":40,"comment_status":"closed","ping_status":"closed","template":"","meta":[],"product_brand":[],"product_cat":[165],"product_tag":[76,75,20],"class_list":{"0":"post-185","1":"product","2":"type-product","3":"status-publish","4":"has-post-thumbnail","6":"product_cat-archives-decologie-prehistorique","7":"product_tag-age-du-bronze","8":"product_tag-neolithique","9":"product_tag-neolithique-final","10":"pa_nombre-de-pages-71","11":"has_thumb","13":"first","14":"instock","15":"sale","16":"taxable","17":"shipping-taxable","18":"purchasable","19":"product-type-simple"},"_links":{"self":[{"href":"https:\/\/archeoaep.fr\/index.php?rest_route=\/wp\/v2\/product\/185","targetHints":{"allow":["GET"]}}],"collection":[{"href":"https:\/\/archeoaep.fr\/index.php?rest_route=\/wp\/v2\/product"}],"about":[{"href":"https:\/\/archeoaep.fr\/index.php?rest_route=\/wp\/v2\/types\/product"}],"replies":[{"embeddable":true,"href":"https:\/\/archeoaep.fr\/index.php?rest_route=%2Fwp%2Fv2%2Fcomments&post=185"}],"wp:featuredmedia":[{"embeddable":true,"href":"https:\/\/archeoaep.fr\/index.php?rest_route=\/wp\/v2\/media\/40"}],"wp:attachment":[{"href":"https:\/\/archeoaep.fr\/index.php?rest_route=%2Fwp%2Fv2%2Fmedia&parent=185"}],"wp:term":[{"taxonomy":"product_brand","embeddable":true,"href":"https:\/\/archeoaep.fr\/index.php?rest_route=%2Fwp%2Fv2%2Fproduct_brand&post=185"},{"taxonomy":"product_cat","embeddable":true,"href":"https:\/\/archeoaep.fr\/index.php?rest_route=%2Fwp%2Fv2%2Fproduct_cat&post=185"},{"taxonomy":"product_tag","embeddable":true,"href":"https:\/\/archeoaep.fr\/index.php?rest_route=%2Fwp%2Fv2%2Fproduct_tag&post=185"}],"curies":[{"name":"wp","href":"https:\/\/api.w.org\/{rel}","templated":true}]}}