{"id":186,"date":"2004-05-30T20:57:45","date_gmt":"2004-05-30T19:57:45","guid":{"rendered":"http:\/\/www.archeoaep.fr\/?product=aep-15"},"modified":"2026-04-26T06:47:21","modified_gmt":"2026-04-26T05:47:21","slug":"aep-15","status":"publish","type":"product","link":"https:\/\/archeoaep.fr\/?product=aep-15","title":{"rendered":"AEP 15 &#8211; Les ateliers de taille n\u00e9olithiques en Bergeracois"},"content":{"rendered":"<h2>AEP n\u00b0\u00a015 &#8211; Les ateliers de taille n\u00e9olithiques en Bergeracois.<\/h2>\n<h3><strong>Jean-Philippe DELAGE, 2004<\/strong><\/h3>\n<p>Apr\u00e8s une d\u00e9finition des contextes chronologiques et culturels dans lesquels apparaissent et se d\u00e9veloppent les productions en silex du N\u00e9olithique bergeracois, un inventaire des sites d\u2019habitats et d\u2019ateliers permet de mesurer l\u2019importance d\u2019une documentation longtemps insoup\u00e7onn\u00e9e. L\u2019\u00e9tude des centres d\u2019exploitation du silex, des productions et de la diffusion d\u2019outillages sp\u00e9cifiques met en lumi\u00e8re l\u2019\u00e9mergence d\u2019une forme de sp\u00e9cialisation artisanale dont le d\u00e9veloppement peut \u00eatre suivi sur deux mill\u00e9naires. Plusieurs ateliers de fa\u00e7onnage de haches polies fonctionnent en Bergeracois d\u00e8s le N\u00e9olithique moyen, g\u00e9n\u00e9rant parfois des pi\u00e8ces de dimensions et de qualit\u00e9 exceptionnelles. Ces objets, qu\u2019ils soient fonctionnels ou qu\u2019ils puissent contribuer \u00e0 l\u2019affichage social, sont diffus\u00e9s du centre-ouest de la France jusqu\u2019au littoral languedocien. La fin du N\u00e9olithique voit l\u2019essoufflement de la production et de la circulation des haches de grande taille. En revanche, on observe l\u2019apparition de nouveaux objets issus d\u2019ateliers\u00a0: pi\u00e8ces foliac\u00e9es ayant subi un traitement thermique, grandes lames obtenues selon la technique pressignienne. Cette diversification, qui marque de mani\u00e8re originale la fin de l\u2019artisanat du silex en Bergeracois, s\u2019inscrit dans l\u2019\u00e9volution g\u00e9n\u00e9rale des industries de la pierre taill\u00e9e en France.<\/p>\n","protected":false},"excerpt":{"rendered":"<p>AEP n\u00b0\u00a015 &#8211; Les ateliers de taille n\u00e9olithiques en Bergeracois. Jean-Philippe DELAGE, 2004 Apr\u00e8s une d\u00e9finition des contextes chronologiques et culturels dans lesquels apparaissent et se d\u00e9veloppent les productions en [&hellip;]<\/p>\n","protected":false},"featured_media":39,"comment_status":"closed","ping_status":"closed","template":"","meta":[],"product_brand":[],"product_cat":[165],"product_tag":[122,20,22],"class_list":{"0":"post-186","1":"product","2":"type-product","3":"status-publish","4":"has-post-thumbnail","6":"product_cat-archives-decologie-prehistorique","7":"product_tag-hache-polie","8":"product_tag-neolithique-final","9":"product_tag-silex","10":"pa_nombre-de-pages-70","11":"has_thumb","13":"first","14":"instock","15":"sale","16":"taxable","17":"shipping-taxable","18":"purchasable","19":"product-type-simple"},"_links":{"self":[{"href":"https:\/\/archeoaep.fr\/index.php?rest_route=\/wp\/v2\/product\/186","targetHints":{"allow":["GET"]}}],"collection":[{"href":"https:\/\/archeoaep.fr\/index.php?rest_route=\/wp\/v2\/product"}],"about":[{"href":"https:\/\/archeoaep.fr\/index.php?rest_route=\/wp\/v2\/types\/product"}],"replies":[{"embeddable":true,"href":"https:\/\/archeoaep.fr\/index.php?rest_route=%2Fwp%2Fv2%2Fcomments&post=186"}],"wp:featuredmedia":[{"embeddable":true,"href":"https:\/\/archeoaep.fr\/index.php?rest_route=\/wp\/v2\/media\/39"}],"wp:attachment":[{"href":"https:\/\/archeoaep.fr\/index.php?rest_route=%2Fwp%2Fv2%2Fmedia&parent=186"}],"wp:term":[{"taxonomy":"product_brand","embeddable":true,"href":"https:\/\/archeoaep.fr\/index.php?rest_route=%2Fwp%2Fv2%2Fproduct_brand&post=186"},{"taxonomy":"product_cat","embeddable":true,"href":"https:\/\/archeoaep.fr\/index.php?rest_route=%2Fwp%2Fv2%2Fproduct_cat&post=186"},{"taxonomy":"product_tag","embeddable":true,"href":"https:\/\/archeoaep.fr\/index.php?rest_route=%2Fwp%2Fv2%2Fproduct_tag&post=186"}],"curies":[{"name":"wp","href":"https:\/\/api.w.org\/{rel}","templated":true}]}}