{"id":187,"date":"2003-09-30T20:57:56","date_gmt":"2003-09-30T19:57:56","guid":{"rendered":"http:\/\/www.archeoaep.fr\/?product=aep-14"},"modified":"2026-03-04T15:06:04","modified_gmt":"2026-03-04T14:06:04","slug":"aep-14","status":"publish","type":"product","link":"https:\/\/archeoaep.fr\/?product=aep-14","title":{"rendered":"AEP 14 &#8211; L\u2019\u00e2ge du Bronze ancien en Auvergne"},"content":{"rendered":"<h2>AEP n\u00b0\u00a014 &#8211; L\u2019\u00e2ge du Bronze ancien en Auvergne.<\/h2>\n<h3><strong>Gilles LOISON, 2003<\/strong><\/h3>\n<p>De r\u00e9centes d\u00e9couvertes, nombreuses et vari\u00e9es, ont, dans le Centre de la France, et principalement en bordure du bassin de la Grande Limagne de Clermont-Ferrand, servi de fondement \u00e0 la synth\u00e8se de Gilles Loison sur l\u2019Age du Bronze ancien en Auvergne. C\u2019est l\u2019habitat d\u2019Orcet\/Le Tourteix qui a constitu\u00e9 le point de d\u00e9part d\u2019une \u00e9tude c\u00e9ramologique, base d\u2019une classification typologique et d\u2019une p\u00e9riodisation r\u00e9gionale. Un inventaire des pratiques fun\u00e9raires compl\u00e8te ce tableau, en faisant appara\u00eetre d\u2019autres marqueurs culturels des communaut\u00e9s \u00e9tudi\u00e9es. L\u2019Auvergne s\u2019inscrit tr\u00e8s t\u00f4t dans la dynamique du Bronze ancien. D\u00e8s les d\u00e9buts de la p\u00e9riode notamment, des liens marqu\u00e9s avec l\u2019Europe centrale attestent l\u2019existence de r\u00e9seaux d\u2019\u00e9changes actifs\u00a0: biens mat\u00e9riels, c\u00e9ramiques, mais aussi rites s\u00e9pulcraux. Ce m\u00e9moire de l\u2019Ecole des Hautes Etudes en Sciences Sociales dresse le bilan de dix ann\u00e9es de recherche en Auvergne.<\/p>\n","protected":false},"excerpt":{"rendered":"<p>AEP n\u00b0\u00a014 &#8211; L\u2019\u00e2ge du Bronze ancien en Auvergne. Gilles LOISON, 2003 De r\u00e9centes d\u00e9couvertes, nombreuses et vari\u00e9es, ont, dans le Centre de la France, et principalement en bordure du [&hellip;]<\/p>\n","protected":false},"featured_media":38,"comment_status":"closed","ping_status":"closed","template":"","meta":[],"product_brand":[],"product_cat":[165],"product_tag":[76,21],"class_list":{"0":"post-187","1":"product","2":"type-product","3":"status-publish","4":"has-post-thumbnail","6":"product_cat-archives-decologie-prehistorique","7":"product_tag-age-du-bronze","8":"product_tag-ceramique","9":"pa_nombre-de-pages-69","10":"has_thumb","12":"first","13":"instock","14":"sale","15":"taxable","16":"shipping-taxable","17":"purchasable","18":"product-type-simple"},"_links":{"self":[{"href":"https:\/\/archeoaep.fr\/index.php?rest_route=\/wp\/v2\/product\/187","targetHints":{"allow":["GET"]}}],"collection":[{"href":"https:\/\/archeoaep.fr\/index.php?rest_route=\/wp\/v2\/product"}],"about":[{"href":"https:\/\/archeoaep.fr\/index.php?rest_route=\/wp\/v2\/types\/product"}],"replies":[{"embeddable":true,"href":"https:\/\/archeoaep.fr\/index.php?rest_route=%2Fwp%2Fv2%2Fcomments&post=187"}],"wp:featuredmedia":[{"embeddable":true,"href":"https:\/\/archeoaep.fr\/index.php?rest_route=\/wp\/v2\/media\/38"}],"wp:attachment":[{"href":"https:\/\/archeoaep.fr\/index.php?rest_route=%2Fwp%2Fv2%2Fmedia&parent=187"}],"wp:term":[{"taxonomy":"product_brand","embeddable":true,"href":"https:\/\/archeoaep.fr\/index.php?rest_route=%2Fwp%2Fv2%2Fproduct_brand&post=187"},{"taxonomy":"product_cat","embeddable":true,"href":"https:\/\/archeoaep.fr\/index.php?rest_route=%2Fwp%2Fv2%2Fproduct_cat&post=187"},{"taxonomy":"product_tag","embeddable":true,"href":"https:\/\/archeoaep.fr\/index.php?rest_route=%2Fwp%2Fv2%2Fproduct_tag&post=187"}],"curies":[{"name":"wp","href":"https:\/\/api.w.org\/{rel}","templated":true}]}}