{"id":192,"date":"1989-09-30T20:59:06","date_gmt":"1989-09-30T19:59:06","guid":{"rendered":"http:\/\/www.archeoaep.fr\/?product=aep-9"},"modified":"2023-10-18T12:14:47","modified_gmt":"2023-10-18T11:14:47","slug":"aep-9","status":"publish","type":"product","link":"https:\/\/archeoaep.fr\/?product=aep-9","title":{"rendered":"AEP 9 &#8211; Les vases polypodes de l\u2019\u00e2ge du Bronze"},"content":{"rendered":"<h2>AEP n\u00b0 9 &#8211; Les vases polypodes de l\u2019\u00e2ge du Bronze dans le Sud-Ouest de la France.<\/h2>\n<h3><strong>Jean-Michel MARTIN, 1989<\/strong><\/h3>\n<p>Inventaire critique des sites \u00e0 c\u00e9ramique polypode des Pyr\u00e9n\u00e9es, de l\u2019Aquitaine et de la bordure occidentale du Massif Central. Essai de classification typologique et d\u2019\u00e9volution chronologique de ces r\u00e9cipients dans le cadre de l\u2019Age du Bronze du Sud-Ouest.<\/p>\n","protected":false},"excerpt":{"rendered":"<p>AEP n\u00b0 9 &#8211; Les vases polypodes de l\u2019\u00e2ge du Bronze dans le Sud-Ouest de la France. Jean-Michel MARTIN, 1989 Inventaire critique des sites \u00e0 c\u00e9ramique polypode des Pyr\u00e9n\u00e9es, de [&hellip;]<\/p>\n","protected":false},"featured_media":33,"comment_status":"closed","ping_status":"closed","template":"","meta":[],"product_brand":[],"product_cat":[165],"product_tag":[76,21],"class_list":{"0":"post-192","1":"product","2":"type-product","3":"status-publish","4":"has-post-thumbnail","6":"product_cat-archives-decologie-prehistorique","7":"product_tag-age-du-bronze","8":"product_tag-ceramique","9":"pa_nombre-de-pages-66","10":"has_thumb","12":"first","13":"instock","14":"sale","15":"taxable","16":"shipping-taxable","17":"purchasable","18":"product-type-simple"},"_links":{"self":[{"href":"https:\/\/archeoaep.fr\/index.php?rest_route=\/wp\/v2\/product\/192","targetHints":{"allow":["GET"]}}],"collection":[{"href":"https:\/\/archeoaep.fr\/index.php?rest_route=\/wp\/v2\/product"}],"about":[{"href":"https:\/\/archeoaep.fr\/index.php?rest_route=\/wp\/v2\/types\/product"}],"replies":[{"embeddable":true,"href":"https:\/\/archeoaep.fr\/index.php?rest_route=%2Fwp%2Fv2%2Fcomments&post=192"}],"wp:featuredmedia":[{"embeddable":true,"href":"https:\/\/archeoaep.fr\/index.php?rest_route=\/wp\/v2\/media\/33"}],"wp:attachment":[{"href":"https:\/\/archeoaep.fr\/index.php?rest_route=%2Fwp%2Fv2%2Fmedia&parent=192"}],"wp:term":[{"taxonomy":"product_brand","embeddable":true,"href":"https:\/\/archeoaep.fr\/index.php?rest_route=%2Fwp%2Fv2%2Fproduct_brand&post=192"},{"taxonomy":"product_cat","embeddable":true,"href":"https:\/\/archeoaep.fr\/index.php?rest_route=%2Fwp%2Fv2%2Fproduct_cat&post=192"},{"taxonomy":"product_tag","embeddable":true,"href":"https:\/\/archeoaep.fr\/index.php?rest_route=%2Fwp%2Fv2%2Fproduct_tag&post=192"}],"curies":[{"name":"wp","href":"https:\/\/api.w.org\/{rel}","templated":true}]}}