{"id":194,"date":"1984-09-30T20:59:28","date_gmt":"1984-09-30T19:59:28","guid":{"rendered":"http:\/\/www.archeoaep.fr\/?product=aep-7"},"modified":"2013-11-03T07:16:44","modified_gmt":"2013-11-03T06:16:44","slug":"aep-7","status":"publish","type":"product","link":"https:\/\/archeoaep.fr\/?product=aep-7","title":{"rendered":"AEP 7 &#8211; P\u00e9rigordien et Aurignacien en Haut-Agenais"},"content":{"rendered":"<h2>AEP n\u00b0 7 &#8211; P\u00e9rigordien et Aurignacien en Haut-Agenais\u00a0: \u00e9tudes d\u2019ensembles lithiques.<\/h2>\n<h3><strong>Andr\u00e9 MORALA, 1984<\/strong><\/h3>\n<p>Tour d\u2019horizon des probl\u00e8mes pos\u00e9s en Haut Agenais par les cultures p\u00e9rigordiennes et aurignaciennes. Pr\u00e9sentation des r\u00e9sultats de dix ans de recherches de l\u2019auteur sur divers gisements pr\u00e9historiques du Nord-Est du d\u00e9partement du Lot-et-Garonne. Inventaire des sources de mati\u00e8re premi\u00e8re et fr\u00e9quence des divers groupes de mat\u00e9riaux au sein des ensembles lithiques reconnus.<\/p>\n<p>Ce produit est \u00e9puis\u00e9, vous pouvez en t\u00e9l\u00e9charger une version pdf au moment du panier.<\/p>\n","protected":false},"excerpt":{"rendered":"<p>AEP n\u00b0 7 &#8211; P\u00e9rigordien et Aurignacien en Haut-Agenais\u00a0: \u00e9tudes d\u2019ensembles lithiques. Andr\u00e9 MORALA, 1984 Tour d\u2019horizon des probl\u00e8mes pos\u00e9s en Haut Agenais par les cultures p\u00e9rigordiennes et aurignaciennes. Pr\u00e9sentation [&hellip;]<\/p>\n","protected":false},"featured_media":31,"comment_status":"closed","ping_status":"closed","template":"","meta":[],"product_brand":[],"product_cat":[165],"product_tag":[23,90],"class_list":{"0":"post-194","1":"product","2":"type-product","3":"status-publish","4":"has-post-thumbnail","6":"product_cat-archives-decologie-prehistorique","7":"product_tag-industrie-lithique","8":"product_tag-paleolithique-superieur","9":"pa_nombre-de-pages-64","10":"has_thumb","12":"first","13":"outofstock","14":"downloadable","15":"virtual","16":"taxable","17":"purchasable","18":"product-type-simple"},"_links":{"self":[{"href":"https:\/\/archeoaep.fr\/index.php?rest_route=\/wp\/v2\/product\/194","targetHints":{"allow":["GET"]}}],"collection":[{"href":"https:\/\/archeoaep.fr\/index.php?rest_route=\/wp\/v2\/product"}],"about":[{"href":"https:\/\/archeoaep.fr\/index.php?rest_route=\/wp\/v2\/types\/product"}],"replies":[{"embeddable":true,"href":"https:\/\/archeoaep.fr\/index.php?rest_route=%2Fwp%2Fv2%2Fcomments&post=194"}],"wp:featuredmedia":[{"embeddable":true,"href":"https:\/\/archeoaep.fr\/index.php?rest_route=\/wp\/v2\/media\/31"}],"wp:attachment":[{"href":"https:\/\/archeoaep.fr\/index.php?rest_route=%2Fwp%2Fv2%2Fmedia&parent=194"}],"wp:term":[{"taxonomy":"product_brand","embeddable":true,"href":"https:\/\/archeoaep.fr\/index.php?rest_route=%2Fwp%2Fv2%2Fproduct_brand&post=194"},{"taxonomy":"product_cat","embeddable":true,"href":"https:\/\/archeoaep.fr\/index.php?rest_route=%2Fwp%2Fv2%2Fproduct_cat&post=194"},{"taxonomy":"product_tag","embeddable":true,"href":"https:\/\/archeoaep.fr\/index.php?rest_route=%2Fwp%2Fv2%2Fproduct_tag&post=194"}],"curies":[{"name":"wp","href":"https:\/\/api.w.org\/{rel}","templated":true}]}}