{"id":195,"date":"1981-09-30T20:59:40","date_gmt":"1981-09-30T19:59:40","guid":{"rendered":"http:\/\/www.archeoaep.fr\/?product=aep-6"},"modified":"2013-11-03T07:17:22","modified_gmt":"2013-11-03T06:17:22","slug":"aep-6","status":"publish","type":"product","link":"https:\/\/archeoaep.fr\/?product=aep-6","title":{"rendered":"AEP 6 &#8211; Niaux"},"content":{"rendered":"<h2>AEP n\u00b0 6 &#8211; Niaux. Morphologie, climat et occupation des abris\u00a0: \u00e9tude de quatre cavit\u00e9s pr\u00e9historiques de la vall\u00e9e du Vicdessos (Ari\u00e8ge).<\/h2>\n<h3><strong>Jean-Michel BELLAMY, 1981<\/strong><\/h3>\n<p>Essai de compr\u00e9hension des conditions climatiques ayant pr\u00e9sid\u00e9 aux occupations pr\u00e9historiques de certaines grottes et abris de l\u2019Ari\u00e8ge. Etude technique de quatre cavit\u00e9s du massif de Niaux (Abri Martel, Petite Caunho, Grande Caunho, ouverture naturelle de la grotte de Niaux).<\/p>\n","protected":false},"excerpt":{"rendered":"<p>AEP n\u00b0 6 &#8211; Niaux. Morphologie, climat et occupation des abris\u00a0: \u00e9tude de quatre cavit\u00e9s pr\u00e9historiques de la vall\u00e9e du Vicdessos (Ari\u00e8ge). Jean-Michel BELLAMY, 1981 Essai de compr\u00e9hension des conditions [&hellip;]<\/p>\n","protected":false},"featured_media":30,"comment_status":"closed","ping_status":"closed","template":"","meta":[],"product_brand":[],"product_cat":[165],"product_tag":[90],"class_list":{"0":"post-195","1":"product","2":"type-product","3":"status-publish","4":"has-post-thumbnail","6":"product_cat-archives-decologie-prehistorique","7":"product_tag-paleolithique-superieur","8":"pa_nombre-de-pages-63","9":"has_thumb","11":"first","12":"outofstock","13":"taxable","14":"shipping-taxable","15":"purchasable","16":"product-type-simple"},"_links":{"self":[{"href":"https:\/\/archeoaep.fr\/index.php?rest_route=\/wp\/v2\/product\/195","targetHints":{"allow":["GET"]}}],"collection":[{"href":"https:\/\/archeoaep.fr\/index.php?rest_route=\/wp\/v2\/product"}],"about":[{"href":"https:\/\/archeoaep.fr\/index.php?rest_route=\/wp\/v2\/types\/product"}],"replies":[{"embeddable":true,"href":"https:\/\/archeoaep.fr\/index.php?rest_route=%2Fwp%2Fv2%2Fcomments&post=195"}],"wp:featuredmedia":[{"embeddable":true,"href":"https:\/\/archeoaep.fr\/index.php?rest_route=\/wp\/v2\/media\/30"}],"wp:attachment":[{"href":"https:\/\/archeoaep.fr\/index.php?rest_route=%2Fwp%2Fv2%2Fmedia&parent=195"}],"wp:term":[{"taxonomy":"product_brand","embeddable":true,"href":"https:\/\/archeoaep.fr\/index.php?rest_route=%2Fwp%2Fv2%2Fproduct_brand&post=195"},{"taxonomy":"product_cat","embeddable":true,"href":"https:\/\/archeoaep.fr\/index.php?rest_route=%2Fwp%2Fv2%2Fproduct_cat&post=195"},{"taxonomy":"product_tag","embeddable":true,"href":"https:\/\/archeoaep.fr\/index.php?rest_route=%2Fwp%2Fv2%2Fproduct_tag&post=195"}],"curies":[{"name":"wp","href":"https:\/\/api.w.org\/{rel}","templated":true}]}}