{"id":196,"date":"1980-09-30T20:59:51","date_gmt":"1980-09-30T19:59:51","guid":{"rendered":"http:\/\/www.archeoaep.fr\/?product=aep-5"},"modified":"2013-11-03T07:18:01","modified_gmt":"2013-11-03T06:18:01","slug":"aep-5","status":"publish","type":"product","link":"https:\/\/archeoaep.fr\/?product=aep-5","title":{"rendered":"AEP 5 &#8211; De la chasse au troupeau en M\u00e9diterran\u00e9e occidentale"},"content":{"rendered":"<h2>AEP n\u00b0 5 &#8211; De la chasse au troupeau en M\u00e9diterran\u00e9e occidentale. Les d\u00e9buts de l\u2019\u00e9levage dans le bassin de l\u2019Aude.<\/h2>\n<h3><strong>David GEDDES, 1980<\/strong><\/h3>\n<p>Expos\u00e9 des grands probl\u00e8mes de la n\u00e9olithisation en M\u00e9diterran\u00e9e vue \u00e0 travers les questions li\u00e9es \u00e0 l\u2019apparition de l\u2019\u00e9levage. Etude de quatre sites de l\u2019Aude (Leucate, Jean-Cros, Gazel, Dourgne) montrant les \u00e9tapes de l\u2019implantation des principales esp\u00e8ces domestiques (caprins, bovid\u00e9s, suid\u00e9s) dans le syst\u00e8me \u00e9conomique de production.<\/p>\n","protected":false},"excerpt":{"rendered":"<p>AEP n\u00b0 5 &#8211; De la chasse au troupeau en M\u00e9diterran\u00e9e occidentale. Les d\u00e9buts de l\u2019\u00e9levage dans le bassin de l\u2019Aude. David GEDDES, 1980 Expos\u00e9 des grands probl\u00e8mes de la [&hellip;]<\/p>\n","protected":false},"featured_media":29,"comment_status":"closed","ping_status":"closed","template":"","meta":[],"product_brand":[],"product_cat":[165],"product_tag":[91],"class_list":{"0":"post-196","1":"product","2":"type-product","3":"status-publish","4":"has-post-thumbnail","6":"product_cat-archives-decologie-prehistorique","7":"product_tag-archeozoologie","8":"pa_nombre-de-pages-62","9":"has_thumb","11":"first","12":"outofstock","13":"taxable","14":"shipping-taxable","15":"purchasable","16":"product-type-simple"},"_links":{"self":[{"href":"https:\/\/archeoaep.fr\/index.php?rest_route=\/wp\/v2\/product\/196","targetHints":{"allow":["GET"]}}],"collection":[{"href":"https:\/\/archeoaep.fr\/index.php?rest_route=\/wp\/v2\/product"}],"about":[{"href":"https:\/\/archeoaep.fr\/index.php?rest_route=\/wp\/v2\/types\/product"}],"replies":[{"embeddable":true,"href":"https:\/\/archeoaep.fr\/index.php?rest_route=%2Fwp%2Fv2%2Fcomments&post=196"}],"wp:featuredmedia":[{"embeddable":true,"href":"https:\/\/archeoaep.fr\/index.php?rest_route=\/wp\/v2\/media\/29"}],"wp:attachment":[{"href":"https:\/\/archeoaep.fr\/index.php?rest_route=%2Fwp%2Fv2%2Fmedia&parent=196"}],"wp:term":[{"taxonomy":"product_brand","embeddable":true,"href":"https:\/\/archeoaep.fr\/index.php?rest_route=%2Fwp%2Fv2%2Fproduct_brand&post=196"},{"taxonomy":"product_cat","embeddable":true,"href":"https:\/\/archeoaep.fr\/index.php?rest_route=%2Fwp%2Fv2%2Fproduct_cat&post=196"},{"taxonomy":"product_tag","embeddable":true,"href":"https:\/\/archeoaep.fr\/index.php?rest_route=%2Fwp%2Fv2%2Fproduct_tag&post=196"}],"curies":[{"name":"wp","href":"https:\/\/api.w.org\/{rel}","templated":true}]}}