{"id":199,"date":"1977-09-30T21:00:23","date_gmt":"1977-09-30T20:00:23","guid":{"rendered":"http:\/\/www.archeoaep.fr\/?product=aep-2"},"modified":"2025-11-18T07:27:39","modified_gmt":"2025-11-18T06:27:39","slug":"aep-2","status":"publish","type":"product","link":"https:\/\/archeoaep.fr\/?product=aep-2","title":{"rendered":"AEP 2 &#8211; V\u00e9g\u00e9tation et climat des Pyr\u00e9n\u00e9es"},"content":{"rendered":"<h2>AEP n\u00b0 2 &#8211; V\u00e9g\u00e9tation et climat des Pyr\u00e9n\u00e9es m\u00e9diterann\u00e9ennes depuis quinze mille ans.<\/h2>\n<h3><strong>Guy JALLUT, 1977<br \/>\n<\/strong><\/h3>\n<p>Etude botanique et climatique des Pyr\u00e9n\u00e9es m\u00e9diterran\u00e9ennes \u00e0 partir d\u2019importantes recherches palynologiques. Cet ouvrage fournit le premier cadre solide pour une approche de l\u2019\u00e9volution v\u00e9g\u00e9tale des Pyr\u00e9n\u00e9es de l\u2019Est depuis la fin du W\u00fcrm jusqu\u2019\u00e0 l\u2019actuel.<\/p>\n","protected":false},"excerpt":{"rendered":"<p>AEP n\u00b0 2 &#8211; V\u00e9g\u00e9tation et climat des Pyr\u00e9n\u00e9es m\u00e9diterann\u00e9ennes depuis quinze mille ans. Guy JALLUT, 1977 Etude botanique et climatique des Pyr\u00e9n\u00e9es m\u00e9diterran\u00e9ennes \u00e0 partir d\u2019importantes recherches palynologiques. Cet [&hellip;]<\/p>\n","protected":false},"featured_media":1418,"comment_status":"closed","ping_status":"closed","template":"","meta":[],"product_brand":[],"product_cat":[165],"product_tag":[96,95],"class_list":{"0":"post-199","1":"product","2":"type-product","3":"status-publish","4":"has-post-thumbnail","6":"product_cat-archives-decologie-prehistorique","7":"product_tag-climat","8":"product_tag-pyrenees","9":"pa_nombre-de-pages-60","10":"has_thumb","12":"first","13":"outofstock","14":"taxable","15":"shipping-taxable","16":"purchasable","17":"product-type-simple"},"_links":{"self":[{"href":"https:\/\/archeoaep.fr\/index.php?rest_route=\/wp\/v2\/product\/199","targetHints":{"allow":["GET"]}}],"collection":[{"href":"https:\/\/archeoaep.fr\/index.php?rest_route=\/wp\/v2\/product"}],"about":[{"href":"https:\/\/archeoaep.fr\/index.php?rest_route=\/wp\/v2\/types\/product"}],"replies":[{"embeddable":true,"href":"https:\/\/archeoaep.fr\/index.php?rest_route=%2Fwp%2Fv2%2Fcomments&post=199"}],"wp:featuredmedia":[{"embeddable":true,"href":"https:\/\/archeoaep.fr\/index.php?rest_route=\/wp\/v2\/media\/1418"}],"wp:attachment":[{"href":"https:\/\/archeoaep.fr\/index.php?rest_route=%2Fwp%2Fv2%2Fmedia&parent=199"}],"wp:term":[{"taxonomy":"product_brand","embeddable":true,"href":"https:\/\/archeoaep.fr\/index.php?rest_route=%2Fwp%2Fv2%2Fproduct_brand&post=199"},{"taxonomy":"product_cat","embeddable":true,"href":"https:\/\/archeoaep.fr\/index.php?rest_route=%2Fwp%2Fv2%2Fproduct_cat&post=199"},{"taxonomy":"product_tag","embeddable":true,"href":"https:\/\/archeoaep.fr\/index.php?rest_route=%2Fwp%2Fv2%2Fproduct_tag&post=199"}],"curies":[{"name":"wp","href":"https:\/\/api.w.org\/{rel}","templated":true}]}}