{"id":200,"date":"1976-09-30T21:00:34","date_gmt":"1976-09-30T20:00:34","guid":{"rendered":"http:\/\/www.archeoaep.fr\/?product=aep-1"},"modified":"2013-11-03T07:20:23","modified_gmt":"2013-11-03T06:20:23","slug":"aep-1","status":"publish","type":"product","link":"https:\/\/archeoaep.fr\/?product=aep-1","title":{"rendered":"AEP 1 &#8211; La communaut\u00e9 paysanne de Fontbouisse"},"content":{"rendered":"<h2>AEP n\u00b0\u00a01 &#8211; La communaut\u00e9 paysanne de Fontbouisse.<\/h2>\n<h3><strong>Jean GASCO, 1976<\/strong><\/h3>\n<p>Approche d\u2019une civilisation languedocienne de l\u2019Age du Cuivre (Chalcolithique) dans son environnement. Etude d\u00e9taill\u00e9e du milieu et essai de restitution des pal\u00e9o-agrosyst\u00e8mes.<\/p>\n","protected":false},"excerpt":{"rendered":"<p>AEP n\u00b0\u00a01 &#8211; La communaut\u00e9 paysanne de Fontbouisse. Jean GASCO, 1976 Approche d\u2019une civilisation languedocienne de l\u2019Age du Cuivre (Chalcolithique) dans son environnement. Etude d\u00e9taill\u00e9e du milieu et essai de [&hellip;]<\/p>\n","protected":false},"featured_media":0,"comment_status":"closed","ping_status":"closed","template":"","meta":[],"product_brand":[],"product_cat":[165],"product_tag":[98,21,97,99,20],"class_list":{"0":"post-200","1":"product","2":"type-product","3":"status-publish","5":"product_cat-archives-decologie-prehistorique","6":"product_tag-architecture","7":"product_tag-ceramique","8":"product_tag-habitat","9":"product_tag-languedoc","10":"product_tag-neolithique-final","11":"pa_nombre-de-pages-59","12":"has_no_thumb","14":"first","15":"outofstock","16":"taxable","17":"shipping-taxable","18":"purchasable","19":"product-type-simple"},"_links":{"self":[{"href":"https:\/\/archeoaep.fr\/index.php?rest_route=\/wp\/v2\/product\/200","targetHints":{"allow":["GET"]}}],"collection":[{"href":"https:\/\/archeoaep.fr\/index.php?rest_route=\/wp\/v2\/product"}],"about":[{"href":"https:\/\/archeoaep.fr\/index.php?rest_route=\/wp\/v2\/types\/product"}],"replies":[{"embeddable":true,"href":"https:\/\/archeoaep.fr\/index.php?rest_route=%2Fwp%2Fv2%2Fcomments&post=200"}],"wp:attachment":[{"href":"https:\/\/archeoaep.fr\/index.php?rest_route=%2Fwp%2Fv2%2Fmedia&parent=200"}],"wp:term":[{"taxonomy":"product_brand","embeddable":true,"href":"https:\/\/archeoaep.fr\/index.php?rest_route=%2Fwp%2Fv2%2Fproduct_brand&post=200"},{"taxonomy":"product_cat","embeddable":true,"href":"https:\/\/archeoaep.fr\/index.php?rest_route=%2Fwp%2Fv2%2Fproduct_cat&post=200"},{"taxonomy":"product_tag","embeddable":true,"href":"https:\/\/archeoaep.fr\/index.php?rest_route=%2Fwp%2Fv2%2Fproduct_tag&post=200"}],"curies":[{"name":"wp","href":"https:\/\/api.w.org\/{rel}","templated":true}]}}