{"id":219,"date":"2004-10-01T20:43:36","date_gmt":"2004-10-01T19:43:36","guid":{"rendered":"http:\/\/www.archeoaep.fr\/?product=les-vautes"},"modified":"2024-09-27T09:38:40","modified_gmt":"2024-09-27T08:38:40","slug":"les-vautes","status":"publish","type":"product","link":"https:\/\/archeoaep.fr\/?product=les-vautes","title":{"rendered":"Les Vautes (Saint-G\u00e9ly-du-Fesc, H\u00e9rault)"},"content":{"rendered":"<div>\n<div>\n<h2>Les Vautes (Saint-G\u00e9ly-du-Fesc, H\u00e9rault) et la fin du N\u00e9olithique en Languedoc oriental<\/h2>\n<h3><strong><strong><\/strong><strong>2004<\/strong>, sous la direction de Jean GUILAINE et Gilles ESCALLON<br \/>\n<\/strong><\/h3>\n<p><strong>Recherches en Arch\u00e9ologie Pr\u00e9ventives, 2<br \/>\n<\/strong><\/p>\n<p>(AEP\/Centre d\u2019Anthropologie et INRAP)<\/p>\n<p>Le site arch\u00e9ologique des Vautes, pr\u00e8s de Montpellier, est un habitat occup\u00e9 tout au long du N\u00e9olithique final et de l\u2019Age du cuivre et, de ce fait, r\u00e9guli\u00e8rement remodel\u00e9. La fr\u00e9quentation principale, centr\u00e9e sur les d\u00e9buts du IIIe mill\u00e9naire BC, s\u2019originalise par une architecture de pierre qui peut \u00eatre consid\u00e9r\u00e9e comme le prototype des b\u00e2timents de la culture de Fontbouisse, dans son faci\u00e8s des garrigues. Elle est \u00e9galement marqu\u00e9e par des styles c\u00e9ramiques particuliers qui posent en termes nouveaux la question de la transition Ferri\u00e8res\/Fontbouisse. Les productions lithiques sont la traduction d\u2019un fort ancrage r\u00e9gional. Des s\u00e9pultures d\u2019enfants ont \u00e9t\u00e9 am\u00e9nag\u00e9es dans les maisons tandis que des cavit\u00e9s naturelles ont, sur les lieux m\u00eames, \u00e9t\u00e9 utilis\u00e9es \u00e0 des fins s\u00e9pulcrales. Le syst\u00e8me \u00e9conomique montre la juxtaposition d\u2019une agriculture c\u00e9r\u00e9ali\u00e8re, combin\u00e9e avec la consommation de produits de la for\u00eat (glands) et d\u2019un \u00e9levage fond\u00e9 sur le couple ovins\/bovins. Les \u00e9tudes anthracologiques soulignent l\u2019exploitation de la ch\u00eanaie ambiante \u00e0 la fois pour la construction de charpentes et le bois de feu. Elles permettent aussi de s\u2019interroger sur l\u2019impact r\u00e9el de la pression anthropique sur le couvert forestier, dans le cadre plus large du Languedoc oriental.<\/p>\n<\/div>\n<\/div>\n","protected":false},"excerpt":{"rendered":"<p>Les Vautes (Saint-G\u00e9ly-du-Fesc, H\u00e9rault) et la fin du N\u00e9olithique en Languedoc oriental 2004, sous la direction de Jean GUILAINE et Gilles ESCALLON Recherches en Arch\u00e9ologie Pr\u00e9ventives, 2 (AEP\/Centre d\u2019Anthropologie et [&hellip;]<\/p>\n","protected":false},"featured_media":44,"comment_status":"closed","ping_status":"closed","template":"","meta":[],"product_brand":[],"product_cat":[167],"product_tag":[24,98,21,97,23,99,20],"class_list":{"0":"post-219","1":"product","2":"type-product","3":"status-publish","4":"has-post-thumbnail","6":"product_cat-recherches-en-archeologie-preventive","7":"product_tag-analyse-spatiale","8":"product_tag-architecture","9":"product_tag-ceramique","10":"product_tag-habitat","11":"product_tag-industrie-lithique","12":"product_tag-languedoc","13":"product_tag-neolithique-final","14":"pa_isbn-38","15":"has_thumb","17":"first","18":"instock","19":"sale","20":"taxable","21":"shipping-taxable","22":"purchasable","23":"product-type-simple"},"_links":{"self":[{"href":"https:\/\/archeoaep.fr\/index.php?rest_route=\/wp\/v2\/product\/219","targetHints":{"allow":["GET"]}}],"collection":[{"href":"https:\/\/archeoaep.fr\/index.php?rest_route=\/wp\/v2\/product"}],"about":[{"href":"https:\/\/archeoaep.fr\/index.php?rest_route=\/wp\/v2\/types\/product"}],"replies":[{"embeddable":true,"href":"https:\/\/archeoaep.fr\/index.php?rest_route=%2Fwp%2Fv2%2Fcomments&post=219"}],"wp:featuredmedia":[{"embeddable":true,"href":"https:\/\/archeoaep.fr\/index.php?rest_route=\/wp\/v2\/media\/44"}],"wp:attachment":[{"href":"https:\/\/archeoaep.fr\/index.php?rest_route=%2Fwp%2Fv2%2Fmedia&parent=219"}],"wp:term":[{"taxonomy":"product_brand","embeddable":true,"href":"https:\/\/archeoaep.fr\/index.php?rest_route=%2Fwp%2Fv2%2Fproduct_brand&post=219"},{"taxonomy":"product_cat","embeddable":true,"href":"https:\/\/archeoaep.fr\/index.php?rest_route=%2Fwp%2Fv2%2Fproduct_cat&post=219"},{"taxonomy":"product_tag","embeddable":true,"href":"https:\/\/archeoaep.fr\/index.php?rest_route=%2Fwp%2Fv2%2Fproduct_tag&post=219"}],"curies":[{"name":"wp","href":"https:\/\/api.w.org\/{rel}","templated":true}]}}