{"id":220,"date":"2005-10-01T20:45:23","date_gmt":"2005-10-01T19:45:23","guid":{"rendered":"http:\/\/www.archeoaep.fr\/?product=le-puech-haut"},"modified":"2019-07-06T12:38:55","modified_gmt":"2019-07-06T11:38:55","slug":"le-puech-haut","status":"publish","type":"product","link":"https:\/\/archeoaep.fr\/?product=le-puech-haut","title":{"rendered":"Le Puech Haut"},"content":{"rendered":"<div>\n<div>\n<h2>La fin du N\u00e9olithique et les d\u00e9buts de la m\u00e9tallurgie en Languedoc central Les habitats de la colline du Puech Haut \u00e0 Paulhan, H\u00e9rault.<\/h2>\n<h3><strong><strong>2005<\/strong>, sous la direction de Laurent CAROZZA<br \/>\n<\/strong><\/h3>\n<p><strong>Recherches en Arch\u00e9ologie Pr\u00e9ventives, 3<br \/>\n<\/strong><\/p>\n<p>(AEP\/Centre d\u2019Anthropologie et INRAP)<\/p>\n<p>Mis au jour sur le trac\u00e9 de l\u2019autoroute A75, entre Clermont-l\u2019H\u00e9rault et P\u00e9zenas, les habitats n\u00e9olithiques de la colline du Puech Haut (Paulhan-H\u00e9rault) ont fait l\u2019objet, en 1998, d\u2019une fouille arch\u00e9ologique pr\u00e9ventive. Occup\u00e9 de la fin du 4\u00e8me mill\u00e9naire jusqu\u2019aux derniers si\u00e8cles du 3\u00e8me mill\u00e9naire avant J.-C., cet \u00e9tablissement se caract\u00e9rise par la succession, en un m\u00eame lieu, de plusieurs enceintes auxquelles sont associ\u00e9s des am\u00e9nagements domestiques. La premi\u00e8re phase d\u2019occupation, dat\u00e9e des derniers si\u00e8cles du 4\u00e8me mill\u00e9naire avant notre \u00e8re, correspond \u00e0 un habitat ceintur\u00e9 d\u2019une simple palissade. La seconde phase (d\u00e9but du 3\u00e8me mill\u00e9naire avant notre \u00e8re) se d\u00e9finit par le creusement d\u2019un foss\u00e9 sur le trac\u00e9 m\u00eame de l\u2019enceinte primitive. Des bastions semi-circulaires flanqu\u00e9s d\u2019une lev\u00e9e de terre t\u00e9moignent de l\u2019aspect d\u00e9fensif de l\u2019\u00e9difice. On observe alors une densification de l\u2019habitat qui se traduit par une augmentation du nombre et de l\u2019emprise des structures domestiques (silos, fosses, caves\u2026). La derni\u00e8re grande \u00e9tape d\u2019occupation, dat\u00e9e de la seconde moiti\u00e9 du 3\u00e8me mill\u00e9naire avant notre \u00e8re, est contemporaine du Fontbouisse. Elle comporte une enceinte sensiblement plus grande, dont les foss\u00e9s sont localement bord\u00e9s de murs de pierre s\u00e8che\u00a0: le statut de fortification est alors clairement affirm\u00e9. Sur les ruines du d\u00e9mant\u00e8lement de ce rempart, on a pu ponctuellement retrouver des d\u00e9p\u00f4ts, localis\u00e9s au sommet des foss\u00e9s, de c\u00e9ramiques campaniformes.<\/p>\n<\/div>\n<\/div>\n","protected":false},"excerpt":{"rendered":"<p>La fin du N\u00e9olithique et les d\u00e9buts de la m\u00e9tallurgie en Languedoc central Les habitats de la colline du Puech Haut \u00e0 Paulhan, H\u00e9rault. 2005, sous la direction de Laurent [&hellip;]<\/p>\n","protected":false},"featured_media":43,"comment_status":"closed","ping_status":"closed","template":"","meta":[],"product_brand":[],"product_cat":[167],"product_tag":[24,21,77,97,23,99],"class_list":{"0":"post-220","1":"product","2":"type-product","3":"status-publish","4":"has-post-thumbnail","6":"product_cat-recherches-en-archeologie-preventive","7":"product_tag-analyse-spatiale","8":"product_tag-ceramique","9":"product_tag-enceintes","10":"product_tag-habitat","11":"product_tag-industrie-lithique","12":"product_tag-languedoc","13":"pa_isbn-38","14":"has_thumb","16":"first","17":"instock","18":"sale","19":"taxable","20":"shipping-taxable","21":"purchasable","22":"product-type-simple"},"_links":{"self":[{"href":"https:\/\/archeoaep.fr\/index.php?rest_route=\/wp\/v2\/product\/220","targetHints":{"allow":["GET"]}}],"collection":[{"href":"https:\/\/archeoaep.fr\/index.php?rest_route=\/wp\/v2\/product"}],"about":[{"href":"https:\/\/archeoaep.fr\/index.php?rest_route=\/wp\/v2\/types\/product"}],"replies":[{"embeddable":true,"href":"https:\/\/archeoaep.fr\/index.php?rest_route=%2Fwp%2Fv2%2Fcomments&post=220"}],"wp:featuredmedia":[{"embeddable":true,"href":"https:\/\/archeoaep.fr\/index.php?rest_route=\/wp\/v2\/media\/43"}],"wp:attachment":[{"href":"https:\/\/archeoaep.fr\/index.php?rest_route=%2Fwp%2Fv2%2Fmedia&parent=220"}],"wp:term":[{"taxonomy":"product_brand","embeddable":true,"href":"https:\/\/archeoaep.fr\/index.php?rest_route=%2Fwp%2Fv2%2Fproduct_brand&post=220"},{"taxonomy":"product_cat","embeddable":true,"href":"https:\/\/archeoaep.fr\/index.php?rest_route=%2Fwp%2Fv2%2Fproduct_cat&post=220"},{"taxonomy":"product_tag","embeddable":true,"href":"https:\/\/archeoaep.fr\/index.php?rest_route=%2Fwp%2Fv2%2Fproduct_tag&post=220"}],"curies":[{"name":"wp","href":"https:\/\/api.w.org\/{rel}","templated":true}]}}