{"id":222,"date":"1999-10-01T20:51:10","date_gmt":"1999-10-01T19:51:10","guid":{"rendered":"http:\/\/www.archeoaep.fr\/?product=tombes-necropoles-rites-funeraires-prehistoriques-et-historiques"},"modified":"2013-11-03T07:08:53","modified_gmt":"2013-11-03T06:08:53","slug":"tombes-necropoles-rites-funeraires-prehistoriques-et-historiques","status":"publish","type":"product","link":"https:\/\/archeoaep.fr\/?product=tombes-necropoles-rites-funeraires-prehistoriques-et-historiques","title":{"rendered":"La pierre taill\u00e9e : ressources, technologies, diffusion"},"content":{"rendered":"<h2>La pierre taill\u00e9e\u00a0: ressources, technologies, diffusion.<\/h2>\n<h4><strong><strong>1999<\/strong>, Fran\u00e7ois BRIOIS et V\u00e9ronique DARRAS dir.<br \/>\n<\/strong><\/h4>\n<p><strong>S\u00e9minaires du Centre d\u2019Anthropologie, \u00c9cole des Hautes \u00c9tudes en Sciences Sociales.<\/strong><\/p>\n<p>Ce produit est \u00e9puis\u00e9, vous pouvez en t\u00e9l\u00e9charger <a href=\"http:\/\/www.archeoaep.fr\/wp-content\/uploads\/woocommerce_uploads\/1999\/10\/aep_sem03.pdf\">ici<\/a> une version pdf.<\/p>\n","protected":false},"excerpt":{"rendered":"<p>La pierre taill\u00e9e\u00a0: ressources, technologies, diffusion. 1999, Fran\u00e7ois BRIOIS et V\u00e9ronique DARRAS dir. S\u00e9minaires du Centre d\u2019Anthropologie, \u00c9cole des Hautes \u00c9tudes en Sciences Sociales. Ce produit est \u00e9puis\u00e9, vous pouvez [&hellip;]<\/p>\n","protected":false},"featured_media":74,"comment_status":"closed","ping_status":"closed","template":"","meta":[],"product_brand":[],"product_cat":[168],"product_tag":[23],"class_list":{"0":"post-222","1":"product","2":"type-product","3":"status-publish","4":"has-post-thumbnail","6":"product_cat-seminaires","7":"product_tag-industrie-lithique","8":"pa_isbn-38","9":"has_thumb","11":"first","12":"instock","13":"downloadable","14":"virtual","15":"taxable","16":"purchasable","17":"product-type-simple"},"_links":{"self":[{"href":"https:\/\/archeoaep.fr\/index.php?rest_route=\/wp\/v2\/product\/222","targetHints":{"allow":["GET"]}}],"collection":[{"href":"https:\/\/archeoaep.fr\/index.php?rest_route=\/wp\/v2\/product"}],"about":[{"href":"https:\/\/archeoaep.fr\/index.php?rest_route=\/wp\/v2\/types\/product"}],"replies":[{"embeddable":true,"href":"https:\/\/archeoaep.fr\/index.php?rest_route=%2Fwp%2Fv2%2Fcomments&post=222"}],"wp:featuredmedia":[{"embeddable":true,"href":"https:\/\/archeoaep.fr\/index.php?rest_route=\/wp\/v2\/media\/74"}],"wp:attachment":[{"href":"https:\/\/archeoaep.fr\/index.php?rest_route=%2Fwp%2Fv2%2Fmedia&parent=222"}],"wp:term":[{"taxonomy":"product_brand","embeddable":true,"href":"https:\/\/archeoaep.fr\/index.php?rest_route=%2Fwp%2Fv2%2Fproduct_brand&post=222"},{"taxonomy":"product_cat","embeddable":true,"href":"https:\/\/archeoaep.fr\/index.php?rest_route=%2Fwp%2Fv2%2Fproduct_cat&post=222"},{"taxonomy":"product_tag","embeddable":true,"href":"https:\/\/archeoaep.fr\/index.php?rest_route=%2Fwp%2Fv2%2Fproduct_tag&post=222"}],"curies":[{"name":"wp","href":"https:\/\/api.w.org\/{rel}","templated":true}]}}