{"id":224,"date":"1989-10-01T20:56:58","date_gmt":"1989-10-01T19:56:58","guid":{"rendered":"http:\/\/www.archeoaep.fr\/?product=carsac-et-les-origines-de-carcassonne"},"modified":"2013-11-04T20:17:38","modified_gmt":"2013-11-04T19:17:38","slug":"carsac-et-les-origines-de-carcassonne","status":"publish","type":"product","link":"https:\/\/archeoaep.fr\/?product=carsac-et-les-origines-de-carcassonne","title":{"rendered":"Carsac et les origines de Carcassonne"},"content":{"rendered":"<h2>Carsac et les origines de Carcassonne.<\/h2>\n<h4><strong>1989<\/strong>, Jean GUILAINE, Jean VAQUER et G. RANCOULE<\/h4>\n<h4><strong>Catalogue de l\u2019exposition du Mus\u00e9e des Beaux-Arts de la ville de Carcassonne.<\/strong><\/h4>\n<p>Catalogue, largement illustr\u00e9, d\u2019une exposition tenue \u00e0 l\u2019occasion de l\u2019Ann\u00e9e de l\u2019Arch\u00e9ologie. Mise \u00e0 jour des connaissances sur la Protohistoire de la r\u00e9gion de Carcassonne, des d\u00e9buts du N\u00e9olithique jusqu\u2019\u00e0 la conqu\u00eate romaine. Pr\u00e9sentation d\u00e9taill\u00e9e des occupations de Carsac et de la stratigraphie de \u00a0\u00bb l\u2019oppidum \u00a0\u00bb de la Cit\u00e9.<\/p>\n","protected":false},"excerpt":{"rendered":"<p>Carsac et les origines de Carcassonne. 1989, Jean GUILAINE, Jean VAQUER et G. RANCOULE Catalogue de l\u2019exposition du Mus\u00e9e des Beaux-Arts de la ville de Carcassonne. Catalogue, largement illustr\u00e9, d\u2019une [&hellip;]<\/p>\n","protected":false},"featured_media":45,"comment_status":"closed","ping_status":"closed","template":"","meta":[],"product_brand":[],"product_cat":[169],"product_tag":[81],"class_list":{"0":"post-224","1":"product","2":"type-product","3":"status-publish","4":"has-post-thumbnail","6":"product_cat-catalogues","7":"product_tag-aude","8":"pa_nombre-de-pages-72","9":"has_thumb","11":"first","12":"instock","13":"sale","14":"taxable","15":"shipping-taxable","16":"purchasable","17":"product-type-simple"},"_links":{"self":[{"href":"https:\/\/archeoaep.fr\/index.php?rest_route=\/wp\/v2\/product\/224","targetHints":{"allow":["GET"]}}],"collection":[{"href":"https:\/\/archeoaep.fr\/index.php?rest_route=\/wp\/v2\/product"}],"about":[{"href":"https:\/\/archeoaep.fr\/index.php?rest_route=\/wp\/v2\/types\/product"}],"replies":[{"embeddable":true,"href":"https:\/\/archeoaep.fr\/index.php?rest_route=%2Fwp%2Fv2%2Fcomments&post=224"}],"wp:featuredmedia":[{"embeddable":true,"href":"https:\/\/archeoaep.fr\/index.php?rest_route=\/wp\/v2\/media\/45"}],"wp:attachment":[{"href":"https:\/\/archeoaep.fr\/index.php?rest_route=%2Fwp%2Fv2%2Fmedia&parent=224"}],"wp:term":[{"taxonomy":"product_brand","embeddable":true,"href":"https:\/\/archeoaep.fr\/index.php?rest_route=%2Fwp%2Fv2%2Fproduct_brand&post=224"},{"taxonomy":"product_cat","embeddable":true,"href":"https:\/\/archeoaep.fr\/index.php?rest_route=%2Fwp%2Fv2%2Fproduct_cat&post=224"},{"taxonomy":"product_tag","embeddable":true,"href":"https:\/\/archeoaep.fr\/index.php?rest_route=%2Fwp%2Fv2%2Fproduct_tag&post=224"}],"curies":[{"name":"wp","href":"https:\/\/api.w.org\/{rel}","templated":true}]}}