{"id":225,"date":"1994-10-01T20:59:06","date_gmt":"1994-10-01T19:59:06","guid":{"rendered":"http:\/\/www.archeoaep.fr\/?product=la-grotte-de-limousis-de-la-prehistoire-a-lhistoire"},"modified":"2013-11-04T20:15:30","modified_gmt":"2013-11-04T19:15:30","slug":"la-grotte-de-limousis-de-la-prehistoire-a-lhistoire","status":"publish","type":"product","link":"https:\/\/archeoaep.fr\/?product=la-grotte-de-limousis-de-la-prehistoire-a-lhistoire","title":{"rendered":"La grotte de Limousis, de la Pr\u00e9histoire \u00e0 l\u2019Histoire"},"content":{"rendered":"<h2>La grotte de Limousis, de la Pr\u00e9histoire \u00e0 l\u2019Histoire.<\/h2>\n<h4><strong>1<\/strong><strong>994<\/strong>, Jean GUILAINE, J. THOMAS et G. RANCOULE<\/h4>\n<p>Pr\u00e9sentation des recherches conduites par l\u2019abb\u00e9 Janard \u00e0 l\u2019entr\u00e9e de la grotte touristique de Limousis (Aude) et des r\u00e9sultats des travaux plus r\u00e9cents. Cette cavit\u00e9 de la Montagne Noire a \u00e9t\u00e9 fr\u00e9quent\u00e9e de fa\u00e7on ininterrompue depuis les d\u00e9buts du N\u00e9olithique jusqu\u2019au Moyen-Age.<\/p>\n<p>&nbsp;<\/p>\n","protected":false},"excerpt":{"rendered":"<p>La grotte de Limousis, de la Pr\u00e9histoire \u00e0 l\u2019Histoire. 1994, Jean GUILAINE, J. THOMAS et G. RANCOULE Pr\u00e9sentation des recherches conduites par l\u2019abb\u00e9 Janard \u00e0 l\u2019entr\u00e9e de la grotte touristique [&hellip;]<\/p>\n","protected":false},"featured_media":46,"comment_status":"closed","ping_status":"closed","template":"","meta":[],"product_brand":[],"product_cat":[169],"product_tag":[76,82,125,81,126,75],"class_list":{"0":"post-225","1":"product","2":"type-product","3":"status-publish","4":"has-post-thumbnail","6":"product_cat-catalogues","7":"product_tag-age-du-bronze","8":"product_tag-age-du-fer","9":"product_tag-antiquite","10":"product_tag-aude","11":"product_tag-moyen-age","12":"product_tag-neolithique","13":"pa_nombre-de-pages-73","14":"has_thumb","16":"first","17":"instock","18":"sale","19":"taxable","20":"shipping-taxable","21":"purchasable","22":"product-type-simple"},"_links":{"self":[{"href":"https:\/\/archeoaep.fr\/index.php?rest_route=\/wp\/v2\/product\/225","targetHints":{"allow":["GET"]}}],"collection":[{"href":"https:\/\/archeoaep.fr\/index.php?rest_route=\/wp\/v2\/product"}],"about":[{"href":"https:\/\/archeoaep.fr\/index.php?rest_route=\/wp\/v2\/types\/product"}],"replies":[{"embeddable":true,"href":"https:\/\/archeoaep.fr\/index.php?rest_route=%2Fwp%2Fv2%2Fcomments&post=225"}],"wp:featuredmedia":[{"embeddable":true,"href":"https:\/\/archeoaep.fr\/index.php?rest_route=\/wp\/v2\/media\/46"}],"wp:attachment":[{"href":"https:\/\/archeoaep.fr\/index.php?rest_route=%2Fwp%2Fv2%2Fmedia&parent=225"}],"wp:term":[{"taxonomy":"product_brand","embeddable":true,"href":"https:\/\/archeoaep.fr\/index.php?rest_route=%2Fwp%2Fv2%2Fproduct_brand&post=225"},{"taxonomy":"product_cat","embeddable":true,"href":"https:\/\/archeoaep.fr\/index.php?rest_route=%2Fwp%2Fv2%2Fproduct_cat&post=225"},{"taxonomy":"product_tag","embeddable":true,"href":"https:\/\/archeoaep.fr\/index.php?rest_route=%2Fwp%2Fv2%2Fproduct_tag&post=225"}],"curies":[{"name":"wp","href":"https:\/\/api.w.org\/{rel}","templated":true}]}}