{"id":420,"date":"2014-12-17T07:41:43","date_gmt":"2014-12-17T06:41:43","guid":{"rendered":"http:\/\/www.archeoaep.fr\/?post_type=product&#038;p=420"},"modified":"2025-01-22T17:27:37","modified_gmt":"2025-01-22T16:27:37","slug":"le-neolithique-ancien-de-la-plaine-de-nimes","status":"publish","type":"product","link":"https:\/\/archeoaep.fr\/?product=le-neolithique-ancien-de-la-plaine-de-nimes","title":{"rendered":"Le N\u00e9olithique ancien de la plaine de N\u00eemes (PDF)"},"content":{"rendered":"<h2><a href=\"https:\/\/nakala.fr\/10.34847\/nkl.0c675041\">Le N\u00e9olithique ancien de la la plaine de N\u00eemes (Gard, France)<\/a><\/h2>\n<h3><strong>2014, T. PERRIN, C. MANEN et P. S\u00c9JALON, dir.<\/strong><\/h3>\n<p>&nbsp;<\/p>\n<p><em><strong>!! : ouvrage \u00e9puis\u00e9 que vous pouvez t\u00e9l\u00e9charger gratuitement \u00e0 cette adresse (licence CC-BY) \/ out-of-print book that you can download for free at this address (CC-BY licence): <a href=\"https:\/\/nakala.fr\/10.34847\/nkl.0c675041\">https:\/\/nakala.fr\/10.34847\/nkl.0c675041<\/a><\/strong><\/em><\/p>\n<p>&nbsp;<\/p>\n<p><strong>R\u00e9sum\u00e9 :<\/strong> Dans le sud de la France, la connaissance des habitats du N\u00e9olithique ancien reste encore assez fragmentaire et le plus souvent limit\u00e9e \u00e0 quelques structures, b\u00e2timents ou fragments de b\u00e2timents isol\u00e9s. Au sud de la ville de N\u00eemes, dans le Gard, la multiplication des op\u00e9rations d\u2019arch\u00e9ologie pr\u00e9ventive au cours des deux derni\u00e8res d\u00e9cennies a permis de mettre au jour les vestiges plus ou moins bien conserv\u00e9s de trois sites d\u2019habitats auxquels viennent s\u2019adjoindre une dizaine de structures ou indices de sites isol\u00e9s. Tous ces gisements se rattachent \u00e0 l\u2019\u00c9picardial languedocien, entre 5100 et 4800 ans avant notre \u00e8re environ.<\/p>\n<p>La pr\u00e9sence de niveau de sol et de structures en creux permet d\u2019approcher la structuration spatiale de ces habitats. Le mobilier arch\u00e9ologique recueilli (c\u00e9ramique, silex, quartz, macro-outillage, parure, ocre\u2026) documente les productions associ\u00e9es \u00e0 ce faci\u00e8s culturel ainsi que leur \u00e9volution sur plusieurs si\u00e8cles. En plus de l\u2019\u00e9tude des provenances des mat\u00e9riaux, les analyses carpologiques, arch\u00e9ozoologiques, anthracologiques et malacologiques illustrent la mani\u00e8re dont ces gisements s\u2019inscrivent au sein de leur territoire et de leur environnement.<br \/>\nEnfin, la multiplication des diagnostics arch\u00e9ologiques et fouilles pr\u00e9ventives permet, dans cette zone, de s\u2019assurer de la r\u00e9alit\u00e9 des vides d\u2019occupation. C\u2019est donc toute la dynamique spatiale et temporelle de l\u2019occupation d\u2019un territoire que ces gisements permettent d\u2019aborder.<\/p>\n<p><strong>Abstract :<\/strong> Evidence for early Neolithic settlements in southern France is still quite fragmentary and is most often limited to a few features or parts of structural remains. South of the town of N\u00eemes, in the Gard d\u00e9partement, the increase in preventive archaeology fieldwork over the last two decades has led to the discovery of three quite well-preserved settlement sites, together with a dozen or so sites with slighter traces of occupation. All these sites date to the Languedoc Epicardial, which approximately covers the period 5100-4800 BC.<br \/>\nThe preservation of a soil horizon as well as subsoil features on these settlements enables spatial patterning to be examined. The artefacts recovered (pottery, flint, quartz, macrolithic tools, ornaments, ochre\u2026) illustrate Epicardial material culture and its development over several centuries. Combined with sourcing of materials, analyses of botanical, faunal and snail assemblages illustrate how these sites relate to their territory and environment.<br \/>\nLastly, the increase in trial trenching and preventive excavation now makes it possible to determine which parts of the region actually remained unoccupied. These sites thus provide a whole range of evidence enabling the space-time dynamics of settlement to be investigated at a regional scale.<\/p>\n","protected":false},"excerpt":{"rendered":"<p>La version papier de cet ouvrage \u00e9tant \u00e9puis\u00e9e, vous pouvez t\u00e9l\u00e9charger librement sa version PDF \u00e0 cette adresse (licence CC-BY) : <a href=\"https:\/\/nakala.fr\/10.34847\/nkl.0c675041\">https:\/\/nakala.fr\/10.34847\/nkl.0c675041<\/a><\/p>\n","protected":false},"featured_media":421,"comment_status":"closed","ping_status":"closed","template":"","meta":[],"product_brand":[],"product_cat":[167],"product_tag":[24,152,145,21,105,153,127,97,23,99,154,118,108,151,22,27],"class_list":{"0":"post-420","1":"product","2":"type-product","3":"status-publish","4":"has-post-thumbnail","6":"product_cat-recherches-en-archeologie-preventive","7":"product_tag-analyse-spatiale","8":"product_tag-anthracologie","9":"product_tag-carpologie","10":"product_tag-ceramique","11":"product_tag-chronologie","12":"product_tag-datations-radiocarbone","13":"product_tag-epicardial","14":"product_tag-habitat","15":"product_tag-industrie-lithique","16":"product_tag-languedoc","17":"product_tag-macro-outillage","18":"product_tag-mediterranee","19":"product_tag-neolithique-ancien","20":"product_tag-parure","21":"product_tag-silex","22":"product_tag-sud-de-la-france","23":"pa_isbn-978-2-35842-013-6","24":"pa_nombre-de-pages-155","25":"has_thumb","27":"first","28":"instock","29":"downloadable","30":"virtual","31":"taxable","32":"product-type-simple"},"_links":{"self":[{"href":"https:\/\/archeoaep.fr\/index.php?rest_route=\/wp\/v2\/product\/420","targetHints":{"allow":["GET"]}}],"collection":[{"href":"https:\/\/archeoaep.fr\/index.php?rest_route=\/wp\/v2\/product"}],"about":[{"href":"https:\/\/archeoaep.fr\/index.php?rest_route=\/wp\/v2\/types\/product"}],"replies":[{"embeddable":true,"href":"https:\/\/archeoaep.fr\/index.php?rest_route=%2Fwp%2Fv2%2Fcomments&post=420"}],"wp:featuredmedia":[{"embeddable":true,"href":"https:\/\/archeoaep.fr\/index.php?rest_route=\/wp\/v2\/media\/421"}],"wp:attachment":[{"href":"https:\/\/archeoaep.fr\/index.php?rest_route=%2Fwp%2Fv2%2Fmedia&parent=420"}],"wp:term":[{"taxonomy":"product_brand","embeddable":true,"href":"https:\/\/archeoaep.fr\/index.php?rest_route=%2Fwp%2Fv2%2Fproduct_brand&post=420"},{"taxonomy":"product_cat","embeddable":true,"href":"https:\/\/archeoaep.fr\/index.php?rest_route=%2Fwp%2Fv2%2Fproduct_cat&post=420"},{"taxonomy":"product_tag","embeddable":true,"href":"https:\/\/archeoaep.fr\/index.php?rest_route=%2Fwp%2Fv2%2Fproduct_tag&post=420"}],"curies":[{"name":"wp","href":"https:\/\/api.w.org\/{rel}","templated":true}]}}