{"id":437,"date":"2015-02-11T13:24:15","date_gmt":"2015-02-11T12:24:15","guid":{"rendered":"http:\/\/www.archeoaep.fr\/?product=actes-des-1eres-rencontres-nord-sud"},"modified":"2025-01-22T18:33:47","modified_gmt":"2025-01-22T17:33:47","slug":"actes-des-1eres-rencontres-nord-sud","status":"publish","type":"product","link":"https:\/\/archeoaep.fr\/?product=actes-des-1eres-rencontres-nord-sud","title":{"rendered":"Actes des 1\u00e8res rencontres Nord-Sud"},"content":{"rendered":"<h2>M\u00e9thodologie des recherches de terrain sur la Pr\u00e9histoire r\u00e9cente en France. Nouveaux acquis, nouveaux outils, 1987-2012<\/h2>\n<h3><strong>2014, I. S\u00c9N\u00c9PART, C. BILLARD, F. BOSTYN, I. PRAUD et \u00c9. THIRAULT, dir.<\/strong><\/h3>\n<p><strong>R\u00e9sum\u00e9 :<\/strong> Le premier colloque de Pr\u00e9histoire r\u00e9cente Nord\/Sud intitul\u00e9 M\u00e9thodologie des recherches de terrain de la Pr\u00e9histoire r\u00e9cente en France. Nouveaux acquis, nouveaux outils, 1987-2012\u00a0 s\u2019est tenu \u00e0 Marseille en mai 2012 \u00e0 l\u2019initiative des associations \u00abRencontres M\u00e9ridionales de Pr\u00e9histoire R\u00e9cente \u00bb et \u00abInterN\u00e9o \u00bb. Il r\u00e9unissait pour la premi\u00e8re fois une large communaut\u00e9 de n\u00e9olithiciens du Nord et du Sud venus confronter leurs exp\u00e9riences de terrain et d\u00e9battre de leurs pratiques.<br \/>\nEn effet, en France, les vingt-cinq derni\u00e8res ann\u00e9es constituent, une p\u00e9riode de bouleversement consid\u00e9rable pour les m\u00e9thodes de recherche sur la Pr\u00e9histoire r\u00e9cente. La mise en place des proc\u00e9dures d\u2019Arch\u00e9ologie pr\u00e9ventive permet aujourd\u2019hui d\u2019aborder la fouille des sites avec des moyens in\u00e9gal\u00e9s, qui conduisent \u00e0 poser de nouvelles probl\u00e9matiques, gr\u00e2ce notamment \u00e0 une exploitation des donn\u00e9es sur des surfaces plus importantes et \u00e0 la mise en oeuvre de nouveaux outils d\u2019analyse.<br \/>\nCette p\u00e9riode a \u00e9galement \u00e9t\u00e9 celle d\u2019une n\u00e9cessaire forme de normalisation des m\u00e9thodes de fouille et surtout des m\u00e9thodes de d\u00e9tection des sites. Pourtant, les pratiques de prospection, de recherche et d\u2019analyse restent souvent h\u00e9t\u00e9rog\u00e8nes, parfois \u00e0 juste titre, parfois par simple tradition r\u00e9gionale, parfois par m\u00e9connaissance d\u2019exp\u00e9riences s\u2019\u00e9tant d\u00e9roul\u00e9es dans d\u2019autres contextes g\u00e9ographiques. Enfin cette p\u00e9riode\u00a0 est celle de la construction du dispositif complet de l\u2019arch\u00e9ologie pr\u00e9ventive, tant sur le plan administratif et juridique que sur le plan des structures op\u00e9rationnelles.<br \/>\nIl s\u2019agissait donc d\u2019effectuer un \u00ab retour sur exp\u00e9rience \u00bb sur cette p\u00e9riode o\u00f9 les occasions ont manqu\u00e9 de porter un regard critique sur nos pratiques de recherche, autant dans leurs succ\u00e8s que dans leurs \u00e9checs.<\/p>\n","protected":false},"excerpt":{"rendered":"<p>M\u00e9thodologie des recherches de terrain sur la Pr\u00e9histoire r\u00e9cente en France. Nouveaux acquis, nouveaux outils, 1987-2012 2014, I. S\u00c9N\u00c9PART, C. BILLARD, F. BOSTYN, I. PRAUD et \u00c9. THIRAULT, dir. R\u00e9sum\u00e9 [&hellip;]<\/p>\n","protected":false},"featured_media":439,"comment_status":"closed","ping_status":"closed","template":"","meta":[],"product_brand":[],"product_cat":[166],"product_tag":[24,105,97,88],"class_list":{"0":"post-437","1":"product","2":"type-product","3":"status-publish","4":"has-post-thumbnail","6":"product_cat-monographies-syntheses-et-colloques","7":"product_tag-analyse-spatiale","8":"product_tag-chronologie","9":"product_tag-habitat","10":"product_tag-methode","11":"pa_isbn-978-2-35842-014-3","12":"pa_nombre-de-pages-157","13":"has_thumb","15":"first","16":"outofstock","17":"taxable","18":"shipping-taxable","19":"purchasable","20":"product-type-simple"},"_links":{"self":[{"href":"https:\/\/archeoaep.fr\/index.php?rest_route=\/wp\/v2\/product\/437","targetHints":{"allow":["GET"]}}],"collection":[{"href":"https:\/\/archeoaep.fr\/index.php?rest_route=\/wp\/v2\/product"}],"about":[{"href":"https:\/\/archeoaep.fr\/index.php?rest_route=\/wp\/v2\/types\/product"}],"replies":[{"embeddable":true,"href":"https:\/\/archeoaep.fr\/index.php?rest_route=%2Fwp%2Fv2%2Fcomments&post=437"}],"wp:featuredmedia":[{"embeddable":true,"href":"https:\/\/archeoaep.fr\/index.php?rest_route=\/wp\/v2\/media\/439"}],"wp:attachment":[{"href":"https:\/\/archeoaep.fr\/index.php?rest_route=%2Fwp%2Fv2%2Fmedia&parent=437"}],"wp:term":[{"taxonomy":"product_brand","embeddable":true,"href":"https:\/\/archeoaep.fr\/index.php?rest_route=%2Fwp%2Fv2%2Fproduct_brand&post=437"},{"taxonomy":"product_cat","embeddable":true,"href":"https:\/\/archeoaep.fr\/index.php?rest_route=%2Fwp%2Fv2%2Fproduct_cat&post=437"},{"taxonomy":"product_tag","embeddable":true,"href":"https:\/\/archeoaep.fr\/index.php?rest_route=%2Fwp%2Fv2%2Fproduct_tag&post=437"}],"curies":[{"name":"wp","href":"https:\/\/api.w.org\/{rel}","templated":true}]}}