{"id":474,"date":"2015-11-09T20:35:57","date_gmt":"2015-11-09T19:35:57","guid":{"rendered":"http:\/\/www.archeoaep.fr\/?post_type=product&#038;p=474"},"modified":"2025-01-23T08:40:17","modified_gmt":"2025-01-23T07:40:17","slug":"grottes-sepulcrales-prehistoriques-des-hautes-corbieres","status":"publish","type":"product","link":"https:\/\/archeoaep.fr\/?product=grottes-sepulcrales-prehistoriques-des-hautes-corbieres","title":{"rendered":"Grottes s\u00e9pulcrales pr\u00e9historiques des Hautes-Corbi\u00e8res"},"content":{"rendered":"<p>Trois petites cavit\u00e9s des Hautes-Corbi\u00e8res (Aude), les grottes III et IV de Las Claousos \u00e0 Auriac et la grotte Ren\u00e9-Carri\u00e9 \u00e0 Termes, ont fait l\u2019objet de recherches pr\u00e9historiques au d\u00e9but des ann\u00e9es soixante du XXe si\u00e8cle. Cet ouvrage rend compte de ces travaux et pr\u00e9sente les contenus anthropologique et mobilier mis au jour. Les auteurs r\u00e9actualisent les vestiges d\u00e9couverts dans le contexte des connaissances d\u2019aujourd\u2019hui. Ils tentent \u00e9galement d\u2019analyser le fonctionnement fun\u00e9raire de ces modestes galeries dans le cadre chrono-culturel de la pr\u00e9histoire r\u00e9cente du Sud de la France.<\/p>\n<p>&nbsp;<\/p>\n<p>Three small caves of the Hautes-Corbi\u00e8res (Aude), the III and IV Las Clausos caves at<br \/>\nAuriac and the Ren\u00e9-Carri\u00e9 cave at Termes, have been the subjects of prehistoric research at the beginning of the sixties. This book relates the results of these works and describes the anthropological and archaeological contents. The authors put these discoveries in perspective with current research. They also try to analyse the funerary function of these little caves in the chrono-cultural frame of the Southern France<br \/>\nprehistory.<\/p>\n","protected":false},"excerpt":{"rendered":"<p>Trois petites cavit\u00e9s des Hautes-Corbi\u00e8res (Aude), les grottes III et IV de Las Claousos \u00e0 Auriac et la grotte Ren\u00e9-Carri\u00e9 \u00e0 Termes, ont fait l\u2019objet de recherches pr\u00e9historiques au d\u00e9but [&hellip;]<\/p>\n","protected":false},"featured_media":475,"comment_status":"closed","ping_status":"closed","template":"","meta":[],"product_brand":[],"product_cat":[166],"product_tag":[81,123,92,94,119,75,20,114,93,26,27],"class_list":{"0":"post-474","1":"product","2":"type-product","3":"status-publish","4":"has-post-thumbnail","6":"product_cat-monographies-syntheses-et-colloques","7":"product_tag-aude","8":"product_tag-epipaleolithique","9":"product_tag-funeraire","10":"product_tag-grotte","11":"product_tag-mesolithique","12":"product_tag-neolithique","13":"product_tag-neolithique-final","14":"product_tag-pratiques-funeraires","15":"product_tag-sepultures","16":"product_tag-sepultures-collectives","17":"product_tag-sud-de-la-france","18":"pa_isbn-159","19":"has_thumb","21":"first","22":"instock","23":"taxable","24":"shipping-taxable","25":"purchasable","26":"product-type-simple"},"_links":{"self":[{"href":"https:\/\/archeoaep.fr\/index.php?rest_route=\/wp\/v2\/product\/474","targetHints":{"allow":["GET"]}}],"collection":[{"href":"https:\/\/archeoaep.fr\/index.php?rest_route=\/wp\/v2\/product"}],"about":[{"href":"https:\/\/archeoaep.fr\/index.php?rest_route=\/wp\/v2\/types\/product"}],"replies":[{"embeddable":true,"href":"https:\/\/archeoaep.fr\/index.php?rest_route=%2Fwp%2Fv2%2Fcomments&post=474"}],"wp:featuredmedia":[{"embeddable":true,"href":"https:\/\/archeoaep.fr\/index.php?rest_route=\/wp\/v2\/media\/475"}],"wp:attachment":[{"href":"https:\/\/archeoaep.fr\/index.php?rest_route=%2Fwp%2Fv2%2Fmedia&parent=474"}],"wp:term":[{"taxonomy":"product_brand","embeddable":true,"href":"https:\/\/archeoaep.fr\/index.php?rest_route=%2Fwp%2Fv2%2Fproduct_brand&post=474"},{"taxonomy":"product_cat","embeddable":true,"href":"https:\/\/archeoaep.fr\/index.php?rest_route=%2Fwp%2Fv2%2Fproduct_cat&post=474"},{"taxonomy":"product_tag","embeddable":true,"href":"https:\/\/archeoaep.fr\/index.php?rest_route=%2Fwp%2Fv2%2Fproduct_tag&post=474"}],"curies":[{"name":"wp","href":"https:\/\/api.w.org\/{rel}","templated":true}]}}