{"id":496,"date":"2016-01-18T21:35:03","date_gmt":"2016-01-18T20:35:03","guid":{"rendered":"http:\/\/www.archeoaep.fr\/?product=la-piece-dalquier-a-fonties-daude-un-nouveau-jalon-pour-letude-du-campaniforme-pyreneen"},"modified":"2025-01-22T16:09:59","modified_gmt":"2025-01-22T15:09:59","slug":"la-piece-dalquier-a-fonties-daude-un-nouveau-jalon-pour-letude-du-campaniforme-pyreneen","status":"publish","type":"product","link":"https:\/\/archeoaep.fr\/?product=la-piece-dalquier-a-fonties-daude-un-nouveau-jalon-pour-letude-du-campaniforme-pyreneen","title":{"rendered":"La Pi\u00e8ce d\u2019Alquier \u00e0 Fonti\u00e8s-d\u2019Aude. Un nouveau jalon pour l\u2019\u00e9tude du Campaniforme pyr\u00e9n\u00e9en"},"content":{"rendered":"<p>\u00c0 9 kilom\u00e8tres \u00e0 l\u2019Est de Carcassonne, sur la commune de Fonti\u00e8s-d\u2019Aude, le site dit \u00abLa Pi\u00e8ce d\u2019Alquier\u00bb a r\u00e9v\u00e9l\u00e9, lors d\u2019une op\u00e9ration d\u2019arch\u00e9ologie pr\u00e9ventive conduite en 2010-2011, des occupations de la fin du N\u00e9olithique. Une premi\u00e8re fr\u00e9quentation attribuable au V\u00e9razien ancien est mat\u00e9rialis\u00e9e par une fosse ayant pu \u00eatre utilis\u00e9e comme cave ou structure de stockage. Mais l\u2019intervention a surtout mis au jour les t\u00e9moins d\u2019une occupation campaniforme originale caract\u00e9ris\u00e9e par un foss\u00e9 construit en terre massive. Le mobilier associ\u00e9, attribuable au Campaniforme pyr\u00e9n\u00e9en, comporte de la c\u00e9ramique d\u00e9cor\u00e9e ainsi que de la poterie commune caract\u00e9ristique de ce faci\u00e8s, une industrie lithique en silex, en quartz et en roches tenaces, enfin quelques t\u00e9moins m\u00e9talliques (al\u00eanes) et des parures. Ce site est une nouvelle contribution \u00e0 l\u2019\u00e9tude de la phase r\u00e9cente du Campaniforme dans le bassin de l\u2019Aude.<\/p>\n<p>&nbsp;<\/p>\n<p>Nine kilometres to the East of Carcassonne, in the Fonti\u00e8s-d\u2019Aude commune, a rescue archeological excavation project carried out in 2010-2011 on a site named \u00ab La Pi\u00e8ce d\u2019Alquier \u00bb revealed evidence of occupation from the end of the New Stone Age. The first sign of ancient Verazien occupation is materialised by a pit that may have been used as a cellar or a space for storage. But the most significant finding from this excavation was the evidence of an original Bell Beakers occupation caracterised by a ditch made of rammed earth. The associated accessories, attributable to the Pyrenean Bell Beakers culture, includes decorated ceramics as well as plain pottery, a lithic industry in flint, quartz and tenacious rocks, some metallic evidence (awls) and some ornaments. This site is a new contribution to the study of the most recent phase of the Bell Beakers culture in the area of the Aude.<\/p>\n","protected":false},"excerpt":{"rendered":"<p>\u00c0 9 kilom\u00e8tres \u00e0 l\u2019Est de Carcassonne, sur la commune de Fonti\u00e8s-d\u2019Aude, le site dit \u00abLa Pi\u00e8ce d\u2019Alquier\u00bb a r\u00e9v\u00e9l\u00e9, lors d\u2019une op\u00e9ration d\u2019arch\u00e9ologie pr\u00e9ventive conduite en 2010-2011, des occupations [&hellip;]<\/p>\n","protected":false},"featured_media":497,"comment_status":"closed","ping_status":"closed","template":"","meta":[],"product_brand":[],"product_cat":[166],"product_tag":[81,89,21,97,23,162,75,20,27,161],"class_list":{"0":"post-496","1":"product","2":"type-product","3":"status-publish","4":"has-post-thumbnail","6":"product_cat-monographies-syntheses-et-colloques","7":"product_tag-aude","8":"product_tag-campaniforme","9":"product_tag-ceramique","10":"product_tag-habitat","11":"product_tag-industrie-lithique","12":"product_tag-metal","13":"product_tag-neolithique","14":"product_tag-neolithique-final","15":"product_tag-sud-de-la-france","16":"product_tag-verazien","17":"pa_isbn-160","18":"has_thumb","20":"first","21":"instock","22":"taxable","23":"shipping-taxable","24":"purchasable","25":"product-type-simple"},"_links":{"self":[{"href":"https:\/\/archeoaep.fr\/index.php?rest_route=\/wp\/v2\/product\/496","targetHints":{"allow":["GET"]}}],"collection":[{"href":"https:\/\/archeoaep.fr\/index.php?rest_route=\/wp\/v2\/product"}],"about":[{"href":"https:\/\/archeoaep.fr\/index.php?rest_route=\/wp\/v2\/types\/product"}],"replies":[{"embeddable":true,"href":"https:\/\/archeoaep.fr\/index.php?rest_route=%2Fwp%2Fv2%2Fcomments&post=496"}],"wp:featuredmedia":[{"embeddable":true,"href":"https:\/\/archeoaep.fr\/index.php?rest_route=\/wp\/v2\/media\/497"}],"wp:attachment":[{"href":"https:\/\/archeoaep.fr\/index.php?rest_route=%2Fwp%2Fv2%2Fmedia&parent=496"}],"wp:term":[{"taxonomy":"product_brand","embeddable":true,"href":"https:\/\/archeoaep.fr\/index.php?rest_route=%2Fwp%2Fv2%2Fproduct_brand&post=496"},{"taxonomy":"product_cat","embeddable":true,"href":"https:\/\/archeoaep.fr\/index.php?rest_route=%2Fwp%2Fv2%2Fproduct_cat&post=496"},{"taxonomy":"product_tag","embeddable":true,"href":"https:\/\/archeoaep.fr\/index.php?rest_route=%2Fwp%2Fv2%2Fproduct_tag&post=496"}],"curies":[{"name":"wp","href":"https:\/\/api.w.org\/{rel}","templated":true}]}}