{"id":680,"date":"2018-06-19T08:56:41","date_gmt":"2018-06-19T07:56:41","guid":{"rendered":"http:\/\/www.archeoaep.fr\/?post_type=product&#038;p=680"},"modified":"2025-01-22T18:31:18","modified_gmt":"2025-01-22T17:31:18","slug":"le-champ-du-poste-carcassonne-aude-une-succession-doccupations-du-debut-du-neolithique-moyen-a-lage-du-bronze-ancien","status":"publish","type":"product","link":"https:\/\/archeoaep.fr\/?product=le-champ-du-poste-carcassonne-aude-une-succession-doccupations-du-debut-du-neolithique-moyen-a-lage-du-bronze-ancien","title":{"rendered":"Le Champ du Poste (Carcassonne, Aude). Une succession d&rsquo;occupations du d\u00e9but du N\u00e9olithique moyen \u00e0 l&rsquo;\u00e2ge du Bronze ancien"},"content":{"rendered":"<p>Sous la direction de CONVERTINI (Fabien) et GEORJON (Cathy)<\/p>\n<p><a href=\"https:\/\/hal.archives-ouvertes.fr\/hal-01820706\"><span style=\"color: #ff0000;\"><strong>!!! : Second volume (Catalogue des structures) librement disponible en ligne ici<\/strong><\/span><\/a><\/p>\n<p>Le site du Champ du Poste a \u00e9t\u00e9 d\u00e9couvert en 1994, par P. Barth\u00e8s, d\u00e8s les premiers travaux arch\u00e9ologiques initi\u00e9s sur le contournement Est de Carcassonne. Dix ans plus tard, les sondages syst\u00e9matiques r\u00e9alis\u00e9s sur le trac\u00e9 par M. Guillaume ont permis de d\u00e9limiter pr\u00e9cis\u00e9ment l\u2019emprise des vestiges. Fouill\u00e9 au cours de deux campagnes, en 2005 et 2006, le Champ du Poste s\u2019est r\u00e9v\u00e9l\u00e9 \u00eatre un site important pour plusieurs p\u00e9riodes arch\u00e9ologiques des sept derniers mill\u00e9naires. Cette monographie ne traite que des o ccupations qui s\u2019\u00e9chelonnent du d\u00e9but du N\u00e9olithique moyen au d\u00e9but de l\u2019\u00e2ge du Bronze.<br \/>\nLe N\u00e9olithique d\u00e9bute par sa phase moyenne pendant la premi\u00e8re moiti\u00e9 du Ve mill\u00e9naire avant notre \u00e8re. Vraisemblablement lors de plusieurs s\u00e9jours de courte dur\u00e9e, les occupants ont construit des foyers \u00e0 pierres chauff\u00e9es, dont un de grandes dimensions (plus de 5 m de diam\u00e8tre). Quelques s\u00e9pultures sont \u00e9galement pr\u00e9sentes. L\u2019extr\u00eame indigence des mobiliers n\u2019a pas permis de caract\u00e9riser la culture mat\u00e9rielle de ces groupes humains et, dans l\u2019attente d\u2019une meilleure d\u00e9finition, cette p\u00e9riode a \u00e9t\u00e9 d\u00e9nomm\u00e9e N\u00e9olithique moyen I.<br \/>\nL\u2019horizon chrono-culturel qui lui succ\u00e8de, sans hiatus semble t-il, est \u00e0 rattacher clairement au Chass\u00e9en ancien qui livre les vestiges les plus abondants de la s\u00e9quence N\u00e9olithique moyen-Bronze ancien. Elle est \u00e9galement bien document\u00e9e par une s\u00e9rie de datations radiocarbone qui la place dans la seconde moiti\u00e9 du Ve mill\u00e9naire avant notre \u00e8re. Les caract\u00e9ristiques mises en \u00e9vidence au cours de la fouille conf\u00e8rent un statut domestique au site avec des am\u00e9nagements et des mobiliers relativement abondants, des structures souterraines de stockage, des foyers, des traces d\u2019activit\u00e9s de subsistance, domestiques et artisanales\u00a0; un ensemble fun\u00e9raire leur est associ\u00e9. La dur\u00e9e de l\u2019occupation pourrait \u00eatre relativement courte mais les donn\u00e9es radiom\u00e9triques indiquent une dur\u00e9e d\u2019au moins deux si\u00e8cles.<br \/>\nLe Chass\u00e9en se conclut par sa phase \u00e9volu\u00e9e qui se place au d\u00e9but du IVe mill\u00e9naire avant notre \u00e8re. Elle n\u2019est attest\u00e9e que par quelques structures avec peu de mobiliers qui correspondent \u00e0 des installations p\u00e9riph\u00e9riques d\u2019un site d\u00e9truit se trouvant au nord.<br \/>\nDans le dernier tiers du IVe mill\u00e9naire avant notre \u00e8re, les occupations du N\u00e9olithique final v\u00e9razien, qui semblent \u00eatre de courte dur\u00e9e, se mat\u00e9rialisent par des structures relativement abondantes ayant livr\u00e9 des mobiliers peu caract\u00e9ristiques.<br \/>\nUn mill\u00e9naire plus tard, des c\u00e9ramiques v\u00e9raziennes associ\u00e9es \u00e0 un tesson du Campaniforme r\u00e9gional datant de la seconde moiti\u00e9 du IIIe mill\u00e9naire avant notre \u00e8re ont \u00e9t\u00e9 recueillies au cours des investigations de 1994 ; d\u2019autres tessons d\u00e9cor\u00e9s qui attestent de la pr\u00e9sence de vestiges l\u00e9g\u00e8rement plus anciens ont \u00e9t\u00e9 mis au jour dans la fouille de 2006.<br \/>\nEnfin, quelques fragments d\u00e9cor\u00e9s de vases indiquent la pr\u00e9sence d\u2019occupations au d\u00e9but du IIe\u00a0mill\u00e9naire avant notre \u00e8re. Ils s\u2019ajoutent \u00e0 ceux pr\u00e9sents dans une fosse datant du Bronze ancien d\u00e9couvertes au cours du diagnostic.<\/p>\n","protected":false},"excerpt":{"rendered":"<p>Sous la direction de CONVERTINI (Fabien) et GEORJON (Cathy) !!! : Second volume (Catalogue des structures) librement disponible en ligne ici Le site du Champ du Poste a \u00e9t\u00e9 d\u00e9couvert [&hellip;]<\/p>\n","protected":false},"featured_media":678,"comment_status":"closed","ping_status":"closed","template":"","meta":[],"product_brand":[],"product_cat":[167],"product_tag":[224,21,78,153,120,23,99,221,75,79],"class_list":{"0":"post-680","1":"product","2":"type-product","3":"status-publish","4":"has-post-thumbnail","6":"product_cat-recherches-en-archeologie-preventive","7":"product_tag-bronze-ancien","8":"product_tag-ceramique","9":"product_tag-chasseen","10":"product_tag-datations-radiocarbone","11":"product_tag-france","12":"product_tag-industrie-lithique","13":"product_tag-languedoc","14":"product_tag-menhir","15":"product_tag-neolithique","16":"product_tag-neolithique-moyen","17":"pa_isbn-222","18":"pa_nombre-de-pages-223","19":"pa_poids-1-9","20":"has_thumb","22":"first","23":"instock","24":"taxable","25":"shipping-taxable","26":"purchasable","27":"product-type-simple"},"_links":{"self":[{"href":"https:\/\/archeoaep.fr\/index.php?rest_route=\/wp\/v2\/product\/680","targetHints":{"allow":["GET"]}}],"collection":[{"href":"https:\/\/archeoaep.fr\/index.php?rest_route=\/wp\/v2\/product"}],"about":[{"href":"https:\/\/archeoaep.fr\/index.php?rest_route=\/wp\/v2\/types\/product"}],"replies":[{"embeddable":true,"href":"https:\/\/archeoaep.fr\/index.php?rest_route=%2Fwp%2Fv2%2Fcomments&post=680"}],"wp:featuredmedia":[{"embeddable":true,"href":"https:\/\/archeoaep.fr\/index.php?rest_route=\/wp\/v2\/media\/678"}],"wp:attachment":[{"href":"https:\/\/archeoaep.fr\/index.php?rest_route=%2Fwp%2Fv2%2Fmedia&parent=680"}],"wp:term":[{"taxonomy":"product_brand","embeddable":true,"href":"https:\/\/archeoaep.fr\/index.php?rest_route=%2Fwp%2Fv2%2Fproduct_brand&post=680"},{"taxonomy":"product_cat","embeddable":true,"href":"https:\/\/archeoaep.fr\/index.php?rest_route=%2Fwp%2Fv2%2Fproduct_cat&post=680"},{"taxonomy":"product_tag","embeddable":true,"href":"https:\/\/archeoaep.fr\/index.php?rest_route=%2Fwp%2Fv2%2Fproduct_tag&post=680"}],"curies":[{"name":"wp","href":"https:\/\/api.w.org\/{rel}","templated":true}]}}